{"id":3682,"date":"2025-11-13T10:55:55","date_gmt":"2025-11-13T10:55:55","guid":{"rendered":"https:\/\/habibimb.com\/?post_type=product&#038;p=3682"},"modified":"2026-01-03T08:48:17","modified_gmt":"2026-01-03T08:48:17","slug":"apa-de-parfum-kyra-fariis-femei-100ml","status":"publish","type":"product","link":"https:\/\/habibimb.com\/en\/product\/apa-de-parfum-kyra-fariis-femei-100ml\/","title":{"rendered":"Kyra, Fariis"},"content":{"rendered":"<p>Kyra este un parfum feminin elegant, cu deschidere fructat\u0103 vibrant\u0103, inim\u0103 floral\u0103 rafinat\u0103 \u0219i baz\u0103 lemnos-dulce sofisticat\u0103. Ideal pentru zi sau sear\u0103, las\u0103 o impresie memorabil\u0103 \u0219i feminin\u0103.<strong><\/p>","protected":false},"excerpt":{"rendered":"<p>Note de v\u00e2rf: fructul pasiunii, piersic\u0103, par\u0103, zmeur\u0103, coac\u0103ze negre, migdale<\/p>\n<p>Note de mijloc: l\u0103cr\u0103mioare, trandafir<\/p>\n<p>Note de baz\u0103: mosc, lemn de santal, vanilie, patchouli, heliotrop<strong><\/p>","protected":false},"featured_media":3683,"comment_status":"open","ping_status":"closed","template":"","meta":{"om_disable_all_campaigns":false,"_monsterinsights_skip_tracking":false,"_monsterinsights_sitenote_active":false,"_monsterinsights_sitenote_note":"","_monsterinsights_sitenote_category":0},"product_brand":[102],"product_cat":[56],"product_tag":[],"class_list":{"0":"post-3682","1":"product","2":"type-product","3":"status-publish","4":"has-post-thumbnail","6":"product_brand-fariis","7":"product_cat-pentru-ea","9":"first","10":"instock","11":"sale","12":"shipping-taxable","13":"purchasable","14":"product-type-simple"},"aioseo_notices":[],"ct_brands":[{"id":102,"name":"Fariis","slug":"fariis"}],"_links":{"self":[{"href":"https:\/\/habibimb.com\/en\/wp-json\/wp\/v2\/product\/3682","targetHints":{"allow":["GET"]}}],"collection":[{"href":"https:\/\/habibimb.com\/en\/wp-json\/wp\/v2\/product"}],"about":[{"href":"https:\/\/habibimb.com\/en\/wp-json\/wp\/v2\/types\/product"}],"replies":[{"embeddable":true,"href":"https:\/\/habibimb.com\/en\/wp-json\/wp\/v2\/comments?post=3682"}],"wp:featuredmedia":[{"embeddable":true,"href":"https:\/\/habibimb.com\/en\/wp-json\/wp\/v2\/media\/3683"}],"wp:attachment":[{"href":"https:\/\/habibimb.com\/en\/wp-json\/wp\/v2\/media?parent=3682"}],"wp:term":[{"taxonomy":"product_brand","embeddable":true,"href":"https:\/\/habibimb.com\/en\/wp-json\/wp\/v2\/product_brand?post=3682"},{"taxonomy":"product_cat","embeddable":true,"href":"https:\/\/habibimb.com\/en\/wp-json\/wp\/v2\/product_cat?post=3682"},{"taxonomy":"product_tag","embeddable":true,"href":"https:\/\/habibimb.com\/en\/wp-json\/wp\/v2\/product_tag?post=3682"}],"curies":[{"name":"wp","href":"https:\/\/api.w.org\/{rel}","templated":true}]}}