{"id":3675,"date":"2025-11-13T10:51:18","date_gmt":"2025-11-13T10:51:18","guid":{"rendered":"https:\/\/habibimb.com\/?post_type=product&#038;p=3675"},"modified":"2025-11-13T10:50:57","modified_gmt":"2025-11-13T10:50:57","slug":"apa-de-parfum-black-onyx-fariis-femei-100ml","status":"publish","type":"product","link":"https:\/\/habibimb.com\/en\/product\/apa-de-parfum-black-onyx-fariis-femei-100ml\/","title":{"rendered":"Black Onyx, Fariis"},"content":{"rendered":"<p>Un parfum feminin seduc\u0103tor, care combin\u0103 prospe\u021bimea citric\u0103 \u0219i u\u0219oar\u0103 picanterie cu o inim\u0103 floral\u0103 bogat\u0103 \u0219i o baz\u0103 cald\u0103, catifelat\u0103. Ideal pentru femeia cu \u00eencredere, care apreciaz\u0103 un parfum care las\u0103 o impresie puternic\u0103.<strong><\/p>","protected":false},"excerpt":{"rendered":"<p>Note de v\u00e2rf: bergamot\u0103, piper roz<\/p>\n<p>Note de mijloc: iasomie, trandafir, ylang-ylang<\/p>\n<p>Note de baz\u0103: patchouli, vanilie, mosc<strong><\/p>","protected":false},"featured_media":3676,"comment_status":"open","ping_status":"closed","template":"","meta":{"om_disable_all_campaigns":false,"_monsterinsights_skip_tracking":false,"_monsterinsights_sitenote_active":false,"_monsterinsights_sitenote_note":"","_monsterinsights_sitenote_category":0},"product_brand":[102],"product_cat":[56],"product_tag":[],"class_list":{"0":"post-3675","1":"product","2":"type-product","3":"status-publish","4":"has-post-thumbnail","6":"product_brand-fariis","7":"product_cat-pentru-ea","9":"first","10":"instock","11":"shipping-taxable","12":"purchasable","13":"product-type-simple"},"aioseo_notices":[],"ct_brands":[{"id":102,"name":"Fariis","slug":"fariis"}],"_links":{"self":[{"href":"https:\/\/habibimb.com\/en\/wp-json\/wp\/v2\/product\/3675","targetHints":{"allow":["GET"]}}],"collection":[{"href":"https:\/\/habibimb.com\/en\/wp-json\/wp\/v2\/product"}],"about":[{"href":"https:\/\/habibimb.com\/en\/wp-json\/wp\/v2\/types\/product"}],"replies":[{"embeddable":true,"href":"https:\/\/habibimb.com\/en\/wp-json\/wp\/v2\/comments?post=3675"}],"wp:featuredmedia":[{"embeddable":true,"href":"https:\/\/habibimb.com\/en\/wp-json\/wp\/v2\/media\/3676"}],"wp:attachment":[{"href":"https:\/\/habibimb.com\/en\/wp-json\/wp\/v2\/media?parent=3675"}],"wp:term":[{"taxonomy":"product_brand","embeddable":true,"href":"https:\/\/habibimb.com\/en\/wp-json\/wp\/v2\/product_brand?post=3675"},{"taxonomy":"product_cat","embeddable":true,"href":"https:\/\/habibimb.com\/en\/wp-json\/wp\/v2\/product_cat?post=3675"},{"taxonomy":"product_tag","embeddable":true,"href":"https:\/\/habibimb.com\/en\/wp-json\/wp\/v2\/product_tag?post=3675"}],"curies":[{"name":"wp","href":"https:\/\/api.w.org\/{rel}","templated":true}]}}