{"id":3672,"date":"2025-11-13T10:48:44","date_gmt":"2025-11-13T10:48:44","guid":{"rendered":"https:\/\/habibimb.com\/?post_type=product&#038;p=3672"},"modified":"2025-11-27T11:39:14","modified_gmt":"2025-11-27T11:39:14","slug":"apa-de-parfum-splendid-oud-fariis-femei-100ml","status":"publish","type":"product","link":"https:\/\/habibimb.com\/en\/product\/apa-de-parfum-splendid-oud-fariis-femei-100ml\/","title":{"rendered":"Splendid Oud, Fariis"},"content":{"rendered":"<p>Un parfum oriental sofisticat, care aduce \u00een prim\u2011plan lemnul de agar (\u201eoud\u201d) \u00eentr\u2011o interpretare feminin\u0103, cald\u0103 \u015fi elegant\u0103. Debutul este lemnos \u015fi rafinat, apoi evolueaz\u0103 spre note dulci\u2011condimentate, iar baza r\u0103m\u00e2ne persistent\u0103 \u015fi senzual\u0103.<strong><\/p>","protected":false},"excerpt":{"rendered":"<p>Note de v\u00e2rf: lemn de agar (oud), lemn de trandafir, lemn de santal<\/p>\n<p>Note de mijloc: cardamom, vanilie, piper<\/p>\n<p>Note de baz\u0103: vetiver, boabe de tonka, ambr\u0103<strong><\/p>","protected":false},"featured_media":3673,"comment_status":"open","ping_status":"closed","template":"","meta":{"om_disable_all_campaigns":false,"_monsterinsights_skip_tracking":false,"_monsterinsights_sitenote_active":false,"_monsterinsights_sitenote_note":"","_monsterinsights_sitenote_category":0},"product_brand":[102],"product_cat":[56],"product_tag":[],"class_list":{"0":"post-3672","1":"product","2":"type-product","3":"status-publish","4":"has-post-thumbnail","6":"product_brand-fariis","7":"product_cat-pentru-ea","9":"first","10":"instock","11":"shipping-taxable","12":"purchasable","13":"product-type-simple"},"aioseo_notices":[],"ct_brands":[{"id":102,"name":"Fariis","slug":"fariis"}],"_links":{"self":[{"href":"https:\/\/habibimb.com\/en\/wp-json\/wp\/v2\/product\/3672","targetHints":{"allow":["GET"]}}],"collection":[{"href":"https:\/\/habibimb.com\/en\/wp-json\/wp\/v2\/product"}],"about":[{"href":"https:\/\/habibimb.com\/en\/wp-json\/wp\/v2\/types\/product"}],"replies":[{"embeddable":true,"href":"https:\/\/habibimb.com\/en\/wp-json\/wp\/v2\/comments?post=3672"}],"wp:featuredmedia":[{"embeddable":true,"href":"https:\/\/habibimb.com\/en\/wp-json\/wp\/v2\/media\/3673"}],"wp:attachment":[{"href":"https:\/\/habibimb.com\/en\/wp-json\/wp\/v2\/media?parent=3672"}],"wp:term":[{"taxonomy":"product_brand","embeddable":true,"href":"https:\/\/habibimb.com\/en\/wp-json\/wp\/v2\/product_brand?post=3672"},{"taxonomy":"product_cat","embeddable":true,"href":"https:\/\/habibimb.com\/en\/wp-json\/wp\/v2\/product_cat?post=3672"},{"taxonomy":"product_tag","embeddable":true,"href":"https:\/\/habibimb.com\/en\/wp-json\/wp\/v2\/product_tag?post=3672"}],"curies":[{"name":"wp","href":"https:\/\/api.w.org\/{rel}","templated":true}]}}