{"id":3669,"date":"2025-11-13T10:46:41","date_gmt":"2025-11-13T10:46:41","guid":{"rendered":"https:\/\/habibimb.com\/?post_type=product&#038;p=3669"},"modified":"2025-11-13T10:46:19","modified_gmt":"2025-11-13T10:46:19","slug":"apa-de-parfum-nomadic-extrait-fariis-barbati-100ml","status":"publish","type":"product","link":"https:\/\/habibimb.com\/en\/product\/apa-de-parfum-nomadic-extrait-fariis-barbati-100ml\/","title":{"rendered":"Nomadic Extrait, Fariis"},"content":{"rendered":"<p>Un parfum masculin intens \u015fi sofisticat, care evoc\u0103 spiritul aventurii \u015fi rafinamentul urban. Debutul este vibrant \u015fi fructat, evolueaz\u0103 \u00eentr\u2011o inim\u0103 sofisticat\u0103 de piele \u015fi patchouli, \u015fi se \u00eencheie printr\u2011o baz\u0103 lemnoas\u0103\u2011ambrat\u0103 cu prezen\u0163\u0103 puternic\u0103.<strong><\/p>","protected":false},"excerpt":{"rendered":"<p>Note de v\u00e2rf: zmeur\u0103, note florale, condimente<\/p>\n<p>Note de mijloc: ulei de cypriol, note de piele, patchouli<\/p>\n<p>Note de baz\u0103: oud, ambr\u0103 cenu\u015fie<strong><\/p>","protected":false},"featured_media":3670,"comment_status":"open","ping_status":"closed","template":"","meta":{"om_disable_all_campaigns":false,"_monsterinsights_skip_tracking":false,"_monsterinsights_sitenote_active":false,"_monsterinsights_sitenote_note":"","_monsterinsights_sitenote_category":0},"product_brand":[102],"product_cat":[55],"product_tag":[],"class_list":{"0":"post-3669","1":"product","2":"type-product","3":"status-publish","4":"has-post-thumbnail","6":"product_brand-fariis","7":"product_cat-pentru-el","9":"first","10":"instock","11":"shipping-taxable","12":"purchasable","13":"product-type-simple"},"aioseo_notices":[],"ct_brands":[{"id":102,"name":"Fariis","slug":"fariis"}],"_links":{"self":[{"href":"https:\/\/habibimb.com\/en\/wp-json\/wp\/v2\/product\/3669","targetHints":{"allow":["GET"]}}],"collection":[{"href":"https:\/\/habibimb.com\/en\/wp-json\/wp\/v2\/product"}],"about":[{"href":"https:\/\/habibimb.com\/en\/wp-json\/wp\/v2\/types\/product"}],"replies":[{"embeddable":true,"href":"https:\/\/habibimb.com\/en\/wp-json\/wp\/v2\/comments?post=3669"}],"wp:featuredmedia":[{"embeddable":true,"href":"https:\/\/habibimb.com\/en\/wp-json\/wp\/v2\/media\/3670"}],"wp:attachment":[{"href":"https:\/\/habibimb.com\/en\/wp-json\/wp\/v2\/media?parent=3669"}],"wp:term":[{"taxonomy":"product_brand","embeddable":true,"href":"https:\/\/habibimb.com\/en\/wp-json\/wp\/v2\/product_brand?post=3669"},{"taxonomy":"product_cat","embeddable":true,"href":"https:\/\/habibimb.com\/en\/wp-json\/wp\/v2\/product_cat?post=3669"},{"taxonomy":"product_tag","embeddable":true,"href":"https:\/\/habibimb.com\/en\/wp-json\/wp\/v2\/product_tag?post=3669"}],"curies":[{"name":"wp","href":"https:\/\/api.w.org\/{rel}","templated":true}]}}