{"id":3666,"date":"2025-11-13T10:44:21","date_gmt":"2025-11-13T10:44:21","guid":{"rendered":"https:\/\/habibimb.com\/?post_type=product&#038;p=3666"},"modified":"2025-11-13T10:42:29","modified_gmt":"2025-11-13T10:42:29","slug":"apa-de-parfum-celestial-fariis-unisex-100ml","status":"publish","type":"product","link":"https:\/\/habibimb.com\/en\/product\/apa-de-parfum-celestial-fariis-unisex-100ml\/","title":{"rendered":"Celestial, Fariis"},"content":{"rendered":"<p>Celestial este un parfum unisex elegant \u0219i versatil, care combin\u0103 prospe\u021bimea citric\u0103 cu note florale delicate \u0219i o baz\u0103 cald\u0103, lemnoas\u0103. Se deschide cu accente fresh \u0219i ozonice, evolueaz\u0103 c\u0103tre un corp floral cu mosc \u0219i piele fin\u0103 \u0219i se a\u0219az\u0103 pe piele cu tonuri de ambr\u0103 \u0219i lemn.<strong><\/p>","protected":false},"excerpt":{"rendered":"<p>Note de v\u00e2rf: citrice, note proaspete, accente ozonice<\/p>\n<p>Note de mijloc: flori albe, mosc alb, piele<\/p>\n<p>Note de baz\u0103: ambr\u0103 cald\u0103, note lemnoase<strong><\/p>","protected":false},"featured_media":3667,"comment_status":"open","ping_status":"closed","template":"","meta":{"om_disable_all_campaigns":false,"_monsterinsights_skip_tracking":false,"_monsterinsights_sitenote_active":false,"_monsterinsights_sitenote_note":"","_monsterinsights_sitenote_category":0},"product_brand":[102],"product_cat":[57],"product_tag":[],"class_list":{"0":"post-3666","1":"product","2":"type-product","3":"status-publish","4":"has-post-thumbnail","6":"product_brand-fariis","7":"product_cat-unisex","9":"first","10":"instock","11":"shipping-taxable","12":"purchasable","13":"product-type-simple"},"aioseo_notices":[],"ct_brands":[{"id":102,"name":"Fariis","slug":"fariis"}],"_links":{"self":[{"href":"https:\/\/habibimb.com\/en\/wp-json\/wp\/v2\/product\/3666","targetHints":{"allow":["GET"]}}],"collection":[{"href":"https:\/\/habibimb.com\/en\/wp-json\/wp\/v2\/product"}],"about":[{"href":"https:\/\/habibimb.com\/en\/wp-json\/wp\/v2\/types\/product"}],"replies":[{"embeddable":true,"href":"https:\/\/habibimb.com\/en\/wp-json\/wp\/v2\/comments?post=3666"}],"wp:featuredmedia":[{"embeddable":true,"href":"https:\/\/habibimb.com\/en\/wp-json\/wp\/v2\/media\/3667"}],"wp:attachment":[{"href":"https:\/\/habibimb.com\/en\/wp-json\/wp\/v2\/media?parent=3666"}],"wp:term":[{"taxonomy":"product_brand","embeddable":true,"href":"https:\/\/habibimb.com\/en\/wp-json\/wp\/v2\/product_brand?post=3666"},{"taxonomy":"product_cat","embeddable":true,"href":"https:\/\/habibimb.com\/en\/wp-json\/wp\/v2\/product_cat?post=3666"},{"taxonomy":"product_tag","embeddable":true,"href":"https:\/\/habibimb.com\/en\/wp-json\/wp\/v2\/product_tag?post=3666"}],"curies":[{"name":"wp","href":"https:\/\/api.w.org\/{rel}","templated":true}]}}