{"id":3662,"date":"2025-11-13T10:40:28","date_gmt":"2025-11-13T10:40:28","guid":{"rendered":"https:\/\/habibimb.com\/?post_type=product&#038;p=3662"},"modified":"2026-03-04T10:36:19","modified_gmt":"2026-03-04T10:36:19","slug":"extract-de-parfum-johra-nusuk-femei-100ml","status":"publish","type":"product","link":"https:\/\/habibimb.com\/en\/product\/extract-de-parfum-johra-nusuk-femei-100ml\/","title":{"rendered":"Johra, Nusuk"},"content":{"rendered":"<p>Un parfum feminin concentrat,Johra prezint\u0103 o deschidere vibranta, fructat\u0103, unde bergamota se \u00eembin\u0103 cu litchi\u2011ul \u015fi fructe ro\u015fii. Inima floral\u0103 captivant\u0103 dezv\u0103luie trandafir \u015fi magnolie, cu un strop de t\u0103m\u00e2ie ce adaug\u0103 mister. Baza cald\u0103 \u015fi catifelat\u0103 combin\u0103 cashmeran, mosc \u015fi vanilie pentru o senza\u0163ie sofisticat\u0103 \u015fi persistent\u0103. Makeup simpl\u0103, dar elegant\u0103, perfect\u0103 pentru femeia care vrea un parfum memorabil.<strong><\/p>","protected":false},"excerpt":{"rendered":"<p>Inspirat din Hibiscus Mahajad Maison Crivelli<strong><\/p>","protected":false},"featured_media":3663,"comment_status":"open","ping_status":"closed","template":"","meta":{"om_disable_all_campaigns":false,"_monsterinsights_skip_tracking":false,"_monsterinsights_sitenote_active":false,"_monsterinsights_sitenote_note":"","_monsterinsights_sitenote_category":0},"product_brand":[77],"product_cat":[56],"product_tag":[],"class_list":{"0":"post-3662","1":"product","2":"type-product","3":"status-publish","4":"has-post-thumbnail","6":"product_brand-nusuk","7":"product_cat-pentru-ea","9":"first","10":"instock","11":"shipping-taxable","12":"purchasable","13":"product-type-simple"},"aioseo_notices":[],"ct_brands":[{"id":77,"name":"Nusuk","slug":"nusuk"}],"_links":{"self":[{"href":"https:\/\/habibimb.com\/en\/wp-json\/wp\/v2\/product\/3662","targetHints":{"allow":["GET"]}}],"collection":[{"href":"https:\/\/habibimb.com\/en\/wp-json\/wp\/v2\/product"}],"about":[{"href":"https:\/\/habibimb.com\/en\/wp-json\/wp\/v2\/types\/product"}],"replies":[{"embeddable":true,"href":"https:\/\/habibimb.com\/en\/wp-json\/wp\/v2\/comments?post=3662"}],"wp:featuredmedia":[{"embeddable":true,"href":"https:\/\/habibimb.com\/en\/wp-json\/wp\/v2\/media\/3663"}],"wp:attachment":[{"href":"https:\/\/habibimb.com\/en\/wp-json\/wp\/v2\/media?parent=3662"}],"wp:term":[{"taxonomy":"product_brand","embeddable":true,"href":"https:\/\/habibimb.com\/en\/wp-json\/wp\/v2\/product_brand?post=3662"},{"taxonomy":"product_cat","embeddable":true,"href":"https:\/\/habibimb.com\/en\/wp-json\/wp\/v2\/product_cat?post=3662"},{"taxonomy":"product_tag","embeddable":true,"href":"https:\/\/habibimb.com\/en\/wp-json\/wp\/v2\/product_tag?post=3662"}],"curies":[{"name":"wp","href":"https:\/\/api.w.org\/{rel}","templated":true}]}}