{"id":3659,"date":"2025-11-13T10:38:15","date_gmt":"2025-11-13T10:38:15","guid":{"rendered":"https:\/\/habibimb.com\/?post_type=product&#038;p=3659"},"modified":"2025-11-13T10:37:45","modified_gmt":"2025-11-13T10:37:45","slug":"apa-de-parfum-vision-pour-femme-nusuk-femei-100ml","status":"publish","type":"product","link":"https:\/\/habibimb.com\/en\/product\/apa-de-parfum-vision-pour-femme-nusuk-femei-100ml\/","title":{"rendered":"Vision Pour Femme, Nusuk"},"content":{"rendered":"<p>Un parfum feminin elegant care combin\u0103 prospe\u0163ime citric\u0103, note florale rafinate \u015fi o baz\u0103 cald\u0103, lemnoas\u0103\u2011ambrat\u0103 \u2014 ideal pentru o prezen\u0163\u0103 sofisticat\u0103.<strong><\/p>","protected":false},"excerpt":{"rendered":"<p>Note de v\u00e2rf: l\u0103m\u00e2ie, \u015fofran. <\/p>\n<p>Note de mijloc: geranium, lavandin (lavender\u202fvariety), trandafir, patchouli. <\/p>\n<p>Note de baz\u0103: oud, smirn\u0103 (myrrh), ambr\u0103, vetiver, mosc<\/p>","protected":false},"featured_media":3660,"comment_status":"open","ping_status":"closed","template":"","meta":{"om_disable_all_campaigns":false,"_monsterinsights_skip_tracking":false,"_monsterinsights_sitenote_active":false,"_monsterinsights_sitenote_note":"","_monsterinsights_sitenote_category":0},"product_brand":[77],"product_cat":[56],"product_tag":[],"class_list":{"0":"post-3659","1":"product","2":"type-product","3":"status-publish","4":"has-post-thumbnail","6":"product_brand-nusuk","7":"product_cat-pentru-ea","9":"first","10":"instock","11":"shipping-taxable","12":"purchasable","13":"product-type-simple"},"aioseo_notices":[],"ct_brands":[{"id":77,"name":"Nusuk","slug":"nusuk"}],"_links":{"self":[{"href":"https:\/\/habibimb.com\/en\/wp-json\/wp\/v2\/product\/3659","targetHints":{"allow":["GET"]}}],"collection":[{"href":"https:\/\/habibimb.com\/en\/wp-json\/wp\/v2\/product"}],"about":[{"href":"https:\/\/habibimb.com\/en\/wp-json\/wp\/v2\/types\/product"}],"replies":[{"embeddable":true,"href":"https:\/\/habibimb.com\/en\/wp-json\/wp\/v2\/comments?post=3659"}],"wp:featuredmedia":[{"embeddable":true,"href":"https:\/\/habibimb.com\/en\/wp-json\/wp\/v2\/media\/3660"}],"wp:attachment":[{"href":"https:\/\/habibimb.com\/en\/wp-json\/wp\/v2\/media?parent=3659"}],"wp:term":[{"taxonomy":"product_brand","embeddable":true,"href":"https:\/\/habibimb.com\/en\/wp-json\/wp\/v2\/product_brand?post=3659"},{"taxonomy":"product_cat","embeddable":true,"href":"https:\/\/habibimb.com\/en\/wp-json\/wp\/v2\/product_cat?post=3659"},{"taxonomy":"product_tag","embeddable":true,"href":"https:\/\/habibimb.com\/en\/wp-json\/wp\/v2\/product_tag?post=3659"}],"curies":[{"name":"wp","href":"https:\/\/api.w.org\/{rel}","templated":true}]}}