{"id":3656,"date":"2025-11-13T10:35:52","date_gmt":"2025-11-13T10:35:52","guid":{"rendered":"https:\/\/habibimb.com\/?post_type=product&#038;p=3656"},"modified":"2025-11-13T10:35:30","modified_gmt":"2025-11-13T10:35:30","slug":"apa-de-parfum-krystle-riiffs-unisex-100ml","status":"publish","type":"product","link":"https:\/\/habibimb.com\/en\/product\/apa-de-parfum-krystle-riiffs-unisex-100ml\/","title":{"rendered":"Krystle, Riiffs"},"content":{"rendered":"<p>Krystle este un parfum unisex de la Riiffs care \u00eembin\u0103 prospe\u0163imea citric\u0103 cu o baz\u0103 lemno\u2011condimentat\u0103 ad\u00e2nc\u0103, conceput pentru purtare versatil\u0103 \u015fi personalitate olfactiv\u0103 distinct\u0103.<strong><\/p>","protected":false},"excerpt":{"rendered":"<p>Note de v\u00e2rf : m\u0103r, lavand\u0103, bergamot\u0103, mandarin\u0103. <\/p>\n<p>Note de mijloc : geranium, violet\u0103, iasomie. <\/p>\n<p>Note de baz\u0103 : vanilie, cardamom, lemn de santal, piper, patchouli, lemn guaiac.<\/p>","protected":false},"featured_media":3657,"comment_status":"open","ping_status":"closed","template":"","meta":{"om_disable_all_campaigns":false,"_monsterinsights_skip_tracking":false,"_monsterinsights_sitenote_active":false,"_monsterinsights_sitenote_note":"","_monsterinsights_sitenote_category":0},"product_brand":[73],"product_cat":[57],"product_tag":[],"class_list":{"0":"post-3656","1":"product","2":"type-product","3":"status-publish","4":"has-post-thumbnail","6":"product_brand-riiffs","7":"product_cat-unisex","9":"first","10":"instock","11":"shipping-taxable","12":"purchasable","13":"product-type-simple"},"aioseo_notices":[],"ct_brands":[{"id":73,"name":"Riiffs","slug":"riiffs"}],"_links":{"self":[{"href":"https:\/\/habibimb.com\/en\/wp-json\/wp\/v2\/product\/3656","targetHints":{"allow":["GET"]}}],"collection":[{"href":"https:\/\/habibimb.com\/en\/wp-json\/wp\/v2\/product"}],"about":[{"href":"https:\/\/habibimb.com\/en\/wp-json\/wp\/v2\/types\/product"}],"replies":[{"embeddable":true,"href":"https:\/\/habibimb.com\/en\/wp-json\/wp\/v2\/comments?post=3656"}],"wp:featuredmedia":[{"embeddable":true,"href":"https:\/\/habibimb.com\/en\/wp-json\/wp\/v2\/media\/3657"}],"wp:attachment":[{"href":"https:\/\/habibimb.com\/en\/wp-json\/wp\/v2\/media?parent=3656"}],"wp:term":[{"taxonomy":"product_brand","embeddable":true,"href":"https:\/\/habibimb.com\/en\/wp-json\/wp\/v2\/product_brand?post=3656"},{"taxonomy":"product_cat","embeddable":true,"href":"https:\/\/habibimb.com\/en\/wp-json\/wp\/v2\/product_cat?post=3656"},{"taxonomy":"product_tag","embeddable":true,"href":"https:\/\/habibimb.com\/en\/wp-json\/wp\/v2\/product_tag?post=3656"}],"curies":[{"name":"wp","href":"https:\/\/api.w.org\/{rel}","templated":true}]}}