{"id":3652,"date":"2025-11-13T10:31:52","date_gmt":"2025-11-13T10:31:52","guid":{"rendered":"https:\/\/habibimb.com\/?post_type=product&#038;p=3652"},"modified":"2026-03-03T09:12:45","modified_gmt":"2026-03-03T09:12:45","slug":"apa-de-parfum-mystere-riiffs-femei-80ml","status":"publish","type":"product","link":"https:\/\/habibimb.com\/en\/product\/apa-de-parfum-mystere-riiffs-femei-80ml\/","title":{"rendered":"Mystere, Riiffs, 80"},"content":{"rendered":"<p>Un parfum feminin care \u00eembin\u0103 prospe\u0163imea citric\u0103 cu o inim\u0103 floral\u0103 opulent\u0103 \u015fi o baz\u0103 cald\u0103, lemnoas\u0103-vanilat\u0103. \u201eMyst\u00e8re\u201d transmite rafinament, feminitate \u015fi un aer u\u015for misterios \u2014 potrivit pentru purtare at\u00e2t ziua, c\u00e2t \u015fi seara.<strong><\/p>","protected":false},"excerpt":{"rendered":"<p>Inspirat din Armani My Way<strong><\/p>","protected":false},"featured_media":3653,"comment_status":"open","ping_status":"closed","template":"","meta":{"om_disable_all_campaigns":false,"_monsterinsights_skip_tracking":false,"_monsterinsights_sitenote_active":false,"_monsterinsights_sitenote_note":"","_monsterinsights_sitenote_category":0},"product_brand":[73],"product_cat":[56],"product_tag":[],"class_list":{"0":"post-3652","1":"product","2":"type-product","3":"status-publish","4":"has-post-thumbnail","6":"product_brand-riiffs","7":"product_cat-pentru-ea","9":"first","10":"instock","11":"shipping-taxable","12":"purchasable","13":"product-type-simple"},"aioseo_notices":[],"ct_brands":[{"id":73,"name":"Riiffs","slug":"riiffs"}],"_links":{"self":[{"href":"https:\/\/habibimb.com\/en\/wp-json\/wp\/v2\/product\/3652","targetHints":{"allow":["GET"]}}],"collection":[{"href":"https:\/\/habibimb.com\/en\/wp-json\/wp\/v2\/product"}],"about":[{"href":"https:\/\/habibimb.com\/en\/wp-json\/wp\/v2\/types\/product"}],"replies":[{"embeddable":true,"href":"https:\/\/habibimb.com\/en\/wp-json\/wp\/v2\/comments?post=3652"}],"wp:featuredmedia":[{"embeddable":true,"href":"https:\/\/habibimb.com\/en\/wp-json\/wp\/v2\/media\/3653"}],"wp:attachment":[{"href":"https:\/\/habibimb.com\/en\/wp-json\/wp\/v2\/media?parent=3652"}],"wp:term":[{"taxonomy":"product_brand","embeddable":true,"href":"https:\/\/habibimb.com\/en\/wp-json\/wp\/v2\/product_brand?post=3652"},{"taxonomy":"product_cat","embeddable":true,"href":"https:\/\/habibimb.com\/en\/wp-json\/wp\/v2\/product_cat?post=3652"},{"taxonomy":"product_tag","embeddable":true,"href":"https:\/\/habibimb.com\/en\/wp-json\/wp\/v2\/product_tag?post=3652"}],"curies":[{"name":"wp","href":"https:\/\/api.w.org\/{rel}","templated":true}]}}