{"id":3644,"date":"2025-11-13T10:27:07","date_gmt":"2025-11-13T10:27:07","guid":{"rendered":"https:\/\/habibimb.com\/?post_type=product&#038;p=3644"},"modified":"2025-11-24T11:51:58","modified_gmt":"2025-11-24T11:51:58","slug":"extract-de-parfum-demerald-intense-riiffs-barbati-100ml","status":"publish","type":"product","link":"https:\/\/habibimb.com\/en\/product\/extract-de-parfum-demerald-intense-riiffs-barbati-100ml\/","title":{"rendered":"D&#8217;emerald Intense, Riiffs"},"content":{"rendered":"<p>Un parfum intens, rafinat \u0219i elegant, cu o arom\u0103 lemnos-aromatic\u0103. D\u2019Emerald Intense exprim\u0103 putere \u0219i rafinament, potrivit pentru b\u0103rbatul modern care prefer\u0103 un miros persistent \u0219i sofisticat.<strong><\/p>","protected":false},"excerpt":{"rendered":"<p>Note de v\u00e2rf: bergamot\u0103, citrice, coac\u0103z\u0103 neagr\u0103, ghimbir<\/p>\n<p>Note de mijloc: iasomie, trandafir, salvie, geranium<\/p>\n<p>Note de baz\u0103: patchouli, ambr\u0103, lemn de cedru, vanilie<strong><\/p>","protected":false},"featured_media":3646,"comment_status":"open","ping_status":"closed","template":"","meta":{"om_disable_all_campaigns":false,"_monsterinsights_skip_tracking":false,"_monsterinsights_sitenote_active":false,"_monsterinsights_sitenote_note":"","_monsterinsights_sitenote_category":0},"product_brand":[73],"product_cat":[55],"product_tag":[],"class_list":{"0":"post-3644","1":"product","2":"type-product","3":"status-publish","4":"has-post-thumbnail","6":"product_brand-riiffs","7":"product_cat-pentru-el","9":"first","10":"instock","11":"shipping-taxable","12":"purchasable","13":"product-type-simple"},"aioseo_notices":[],"ct_brands":[{"id":73,"name":"Riiffs","slug":"riiffs"}],"_links":{"self":[{"href":"https:\/\/habibimb.com\/en\/wp-json\/wp\/v2\/product\/3644","targetHints":{"allow":["GET"]}}],"collection":[{"href":"https:\/\/habibimb.com\/en\/wp-json\/wp\/v2\/product"}],"about":[{"href":"https:\/\/habibimb.com\/en\/wp-json\/wp\/v2\/types\/product"}],"replies":[{"embeddable":true,"href":"https:\/\/habibimb.com\/en\/wp-json\/wp\/v2\/comments?post=3644"}],"wp:featuredmedia":[{"embeddable":true,"href":"https:\/\/habibimb.com\/en\/wp-json\/wp\/v2\/media\/3646"}],"wp:attachment":[{"href":"https:\/\/habibimb.com\/en\/wp-json\/wp\/v2\/media?parent=3644"}],"wp:term":[{"taxonomy":"product_brand","embeddable":true,"href":"https:\/\/habibimb.com\/en\/wp-json\/wp\/v2\/product_brand?post=3644"},{"taxonomy":"product_cat","embeddable":true,"href":"https:\/\/habibimb.com\/en\/wp-json\/wp\/v2\/product_cat?post=3644"},{"taxonomy":"product_tag","embeddable":true,"href":"https:\/\/habibimb.com\/en\/wp-json\/wp\/v2\/product_tag?post=3644"}],"curies":[{"name":"wp","href":"https:\/\/api.w.org\/{rel}","templated":true}]}}