{"id":3641,"date":"2025-11-13T10:24:54","date_gmt":"2025-11-13T10:24:54","guid":{"rendered":"https:\/\/habibimb.com\/?post_type=product&#038;p=3641"},"modified":"2025-11-13T10:24:41","modified_gmt":"2025-11-13T10:24:41","slug":"apa-de-parfum-r-luna-stella-riiffs-unisex-2x50ml","status":"publish","type":"product","link":"https:\/\/habibimb.com\/en\/product\/apa-de-parfum-r-luna-stella-riiffs-unisex-2x50ml\/","title":{"rendered":"R Luna &#038; Stella, Riiffs, 2x"},"content":{"rendered":"<p>Setul \u201eR Luna &#038; Stella\u201d reune\u0219te dou\u0103 parfumuri complementare \u2013 Luna, mai luminoas\u0103 \u0219i cremoas\u0103, \u0219i Stella, mai intens\u0103 \u0219i senzual\u0103. \u00cempreun\u0103 exprim\u0103 echilibrul dintre delicate\u021be \u0219i profunzime, potrivite pentru oricine caut\u0103 arome dulci, calde \u0219i elegante.<strong><\/p>","protected":false},"excerpt":{"rendered":"<p>Note de v\u00e2rf: lapte de cocos, note ozonice<\/p>\n<p>Note de mijloc: gardenie, iasomie, t\u0103m\u00e2ie<\/p>\n<p>Note de baz\u0103: vanilie cremoas\u0103, mosc<strong><\/p>","protected":false},"featured_media":3643,"comment_status":"open","ping_status":"closed","template":"","meta":{"om_disable_all_campaigns":false,"_monsterinsights_skip_tracking":false,"_monsterinsights_sitenote_active":false,"_monsterinsights_sitenote_note":"","_monsterinsights_sitenote_category":0},"product_brand":[73],"product_cat":[57],"product_tag":[],"class_list":{"0":"post-3641","1":"product","2":"type-product","3":"status-publish","4":"has-post-thumbnail","6":"product_brand-riiffs","7":"product_cat-unisex","9":"first","10":"instock","11":"shipping-taxable","12":"purchasable","13":"product-type-simple"},"aioseo_notices":[],"ct_brands":[{"id":73,"name":"Riiffs","slug":"riiffs"}],"_links":{"self":[{"href":"https:\/\/habibimb.com\/en\/wp-json\/wp\/v2\/product\/3641","targetHints":{"allow":["GET"]}}],"collection":[{"href":"https:\/\/habibimb.com\/en\/wp-json\/wp\/v2\/product"}],"about":[{"href":"https:\/\/habibimb.com\/en\/wp-json\/wp\/v2\/types\/product"}],"replies":[{"embeddable":true,"href":"https:\/\/habibimb.com\/en\/wp-json\/wp\/v2\/comments?post=3641"}],"wp:featuredmedia":[{"embeddable":true,"href":"https:\/\/habibimb.com\/en\/wp-json\/wp\/v2\/media\/3643"}],"wp:attachment":[{"href":"https:\/\/habibimb.com\/en\/wp-json\/wp\/v2\/media?parent=3641"}],"wp:term":[{"taxonomy":"product_brand","embeddable":true,"href":"https:\/\/habibimb.com\/en\/wp-json\/wp\/v2\/product_brand?post=3641"},{"taxonomy":"product_cat","embeddable":true,"href":"https:\/\/habibimb.com\/en\/wp-json\/wp\/v2\/product_cat?post=3641"},{"taxonomy":"product_tag","embeddable":true,"href":"https:\/\/habibimb.com\/en\/wp-json\/wp\/v2\/product_tag?post=3641"}],"curies":[{"name":"wp","href":"https:\/\/api.w.org\/{rel}","templated":true}]}}