{"id":3638,"date":"2025-11-13T09:30:37","date_gmt":"2025-11-13T09:30:37","guid":{"rendered":"https:\/\/habibimb.com\/?post_type=product&#038;p=3638"},"modified":"2025-12-17T11:03:41","modified_gmt":"2025-12-17T11:03:41","slug":"apa-de-parfum-gemini-pour-femme-riiffs-femei-100ml","status":"publish","type":"product","link":"https:\/\/habibimb.com\/en\/product\/apa-de-parfum-gemini-pour-femme-riiffs-femei-100ml\/","title":{"rendered":"Gemini Pour Femme, Riiffs"},"content":{"rendered":"<p>Parfumul prezint\u0103 o compozi\u0163ie care joac\u0103 pe ideea dualit\u0103\u0163ii \u2014 luminoas\u0103 \u015fi vibrant\u0103 \u00een deschidere, dar cu o profunzime mai cald\u0103 \u015fi sofisticat\u0103 pe m\u0103sur\u0103 ce evolueaz\u0103. Se adreseaz\u0103 femeii care \u00ee\u015fi dore\u015fte s\u0103 exprime at\u00e2t energia, c\u00e2t \u015fi elegan\u0163a, \u00eentr-o manier\u0103 contemporan\u0103.<strong><\/p>","protected":false},"excerpt":{"rendered":"<p>Inspirat din God of Fire Stephane Humbert Lucas 777<strong><\/p>","protected":false},"featured_media":3640,"comment_status":"open","ping_status":"closed","template":"","meta":{"om_disable_all_campaigns":false,"_monsterinsights_skip_tracking":false,"_monsterinsights_sitenote_active":false,"_monsterinsights_sitenote_note":"","_monsterinsights_sitenote_category":0},"product_brand":[73],"product_cat":[56],"product_tag":[],"class_list":{"0":"post-3638","1":"product","2":"type-product","3":"status-publish","4":"has-post-thumbnail","6":"product_brand-riiffs","7":"product_cat-pentru-ea","9":"first","10":"instock","11":"shipping-taxable","12":"purchasable","13":"product-type-simple"},"aioseo_notices":[],"ct_brands":[{"id":73,"name":"Riiffs","slug":"riiffs"}],"_links":{"self":[{"href":"https:\/\/habibimb.com\/en\/wp-json\/wp\/v2\/product\/3638","targetHints":{"allow":["GET"]}}],"collection":[{"href":"https:\/\/habibimb.com\/en\/wp-json\/wp\/v2\/product"}],"about":[{"href":"https:\/\/habibimb.com\/en\/wp-json\/wp\/v2\/types\/product"}],"replies":[{"embeddable":true,"href":"https:\/\/habibimb.com\/en\/wp-json\/wp\/v2\/comments?post=3638"}],"wp:featuredmedia":[{"embeddable":true,"href":"https:\/\/habibimb.com\/en\/wp-json\/wp\/v2\/media\/3640"}],"wp:attachment":[{"href":"https:\/\/habibimb.com\/en\/wp-json\/wp\/v2\/media?parent=3638"}],"wp:term":[{"taxonomy":"product_brand","embeddable":true,"href":"https:\/\/habibimb.com\/en\/wp-json\/wp\/v2\/product_brand?post=3638"},{"taxonomy":"product_cat","embeddable":true,"href":"https:\/\/habibimb.com\/en\/wp-json\/wp\/v2\/product_cat?post=3638"},{"taxonomy":"product_tag","embeddable":true,"href":"https:\/\/habibimb.com\/en\/wp-json\/wp\/v2\/product_tag?post=3638"}],"curies":[{"name":"wp","href":"https:\/\/api.w.org\/{rel}","templated":true}]}}