{"id":3630,"date":"2025-11-11T08:38:44","date_gmt":"2025-11-11T08:38:44","guid":{"rendered":"https:\/\/habibimb.com\/?post_type=product&#038;p=3630"},"modified":"2026-01-16T13:38:03","modified_gmt":"2026-01-16T13:38:03","slug":"apa-de-parfum-wish-you-were-here-grandeur-elite-barbati-100ml","status":"publish","type":"product","link":"https:\/\/habibimb.com\/en\/product\/apa-de-parfum-wish-you-were-here-grandeur-elite-barbati-100ml\/","title":{"rendered":"Wish You Were Here, Grandeur Elite"},"content":{"rendered":"<p>Un parfum modern \u0219i magnetic, Wish You Were Here este dedicat b\u0103rbatului care eman\u0103 \u00eencredere, stil \u0219i mister. Aroma sa echilibreaz\u0103 perfect prospe\u021bimea notelor citrice cu profunzimea acordurilor lemnoase \u0219i orientale, cre\u00e2nd o prezen\u021b\u0103 rafinat\u0103 \u0219i puternic\u0103.<strong><\/p>","protected":false},"excerpt":{"rendered":"<p>Note de v\u00e2rf: bergamot\u0103, grapefruit, piper negru, cardamom<\/p>\n<p>Note de mijloc: lavand\u0103, mu\u0219cat\u0103, frunze de violete, salvie<\/p>\n<p>Note de baz\u0103: vetiver, lemn de cedru, ambroxan, mosc, patchouli<strong><\/p>","protected":false},"featured_media":3632,"comment_status":"open","ping_status":"closed","template":"","meta":{"om_disable_all_campaigns":false,"_monsterinsights_skip_tracking":false,"_monsterinsights_sitenote_active":false,"_monsterinsights_sitenote_note":"","_monsterinsights_sitenote_category":0},"product_brand":[105],"product_cat":[55],"product_tag":[],"class_list":{"0":"post-3630","1":"product","2":"type-product","3":"status-publish","4":"has-post-thumbnail","6":"product_brand-grandeur-elite","7":"product_cat-pentru-el","9":"first","10":"instock","11":"sale","12":"shipping-taxable","13":"purchasable","14":"product-type-simple"},"aioseo_notices":[],"ct_brands":[{"id":105,"name":"Grandeur Elite","slug":"grandeur-elite"}],"_links":{"self":[{"href":"https:\/\/habibimb.com\/en\/wp-json\/wp\/v2\/product\/3630","targetHints":{"allow":["GET"]}}],"collection":[{"href":"https:\/\/habibimb.com\/en\/wp-json\/wp\/v2\/product"}],"about":[{"href":"https:\/\/habibimb.com\/en\/wp-json\/wp\/v2\/types\/product"}],"replies":[{"embeddable":true,"href":"https:\/\/habibimb.com\/en\/wp-json\/wp\/v2\/comments?post=3630"}],"wp:featuredmedia":[{"embeddable":true,"href":"https:\/\/habibimb.com\/en\/wp-json\/wp\/v2\/media\/3632"}],"wp:attachment":[{"href":"https:\/\/habibimb.com\/en\/wp-json\/wp\/v2\/media?parent=3630"}],"wp:term":[{"taxonomy":"product_brand","embeddable":true,"href":"https:\/\/habibimb.com\/en\/wp-json\/wp\/v2\/product_brand?post=3630"},{"taxonomy":"product_cat","embeddable":true,"href":"https:\/\/habibimb.com\/en\/wp-json\/wp\/v2\/product_cat?post=3630"},{"taxonomy":"product_tag","embeddable":true,"href":"https:\/\/habibimb.com\/en\/wp-json\/wp\/v2\/product_tag?post=3630"}],"curies":[{"name":"wp","href":"https:\/\/api.w.org\/{rel}","templated":true}]}}