{"id":3627,"date":"2025-11-11T08:36:30","date_gmt":"2025-11-11T08:36:30","guid":{"rendered":"https:\/\/habibimb.com\/?post_type=product&#038;p=3627"},"modified":"2026-01-16T13:37:23","modified_gmt":"2026-01-16T13:37:23","slug":"apa-de-parfum-but-i-hardly-even-know-her-grandeur-elite-femei-100ml","status":"publish","type":"product","link":"https:\/\/habibimb.com\/en\/product\/apa-de-parfum-but-i-hardly-even-know-her-grandeur-elite-femei-100ml\/","title":{"rendered":"But I Hardly Even Know Her, Grandeur Elite"},"content":{"rendered":"<p>Un parfum juc\u0103u\u0219, seduc\u0103tor \u0219i plin de personalitate, But I Hardly Even Know Her este creat pentru femeia care iube\u0219te misterul \u0219i \u0219armul subtil. Aroma sa modern\u0103 \u00eembin\u0103 tonuri dulci \u0219i florale cu accente cremoase \u0219i lemnoase, rezult\u00e2nd o esen\u021b\u0103 ce eman\u0103 feminitate, rafinament \u0219i \u00eencredere.<strong><\/p>","protected":false},"excerpt":{"rendered":"<p>Note de v\u00e2rf: par\u0103, zmeur\u0103, bergamot\u0103, mandarin\u0103<\/p>\n<p>Note de mijloc: trandafir, iasomie, frezie, bujor<\/p>\n<p>Note de baz\u0103: vanilie, mosc alb, lemn de santal, caramel fin<strong><\/p>","protected":false},"featured_media":3629,"comment_status":"open","ping_status":"closed","template":"","meta":{"om_disable_all_campaigns":false,"_monsterinsights_skip_tracking":false,"_monsterinsights_sitenote_active":false,"_monsterinsights_sitenote_note":"","_monsterinsights_sitenote_category":0},"product_brand":[105],"product_cat":[56],"product_tag":[],"class_list":{"0":"post-3627","1":"product","2":"type-product","3":"status-publish","4":"has-post-thumbnail","6":"product_brand-grandeur-elite","7":"product_cat-pentru-ea","9":"first","10":"instock","11":"sale","12":"shipping-taxable","13":"purchasable","14":"product-type-simple"},"aioseo_notices":[],"ct_brands":[{"id":105,"name":"Grandeur Elite","slug":"grandeur-elite"}],"_links":{"self":[{"href":"https:\/\/habibimb.com\/en\/wp-json\/wp\/v2\/product\/3627","targetHints":{"allow":["GET"]}}],"collection":[{"href":"https:\/\/habibimb.com\/en\/wp-json\/wp\/v2\/product"}],"about":[{"href":"https:\/\/habibimb.com\/en\/wp-json\/wp\/v2\/types\/product"}],"replies":[{"embeddable":true,"href":"https:\/\/habibimb.com\/en\/wp-json\/wp\/v2\/comments?post=3627"}],"wp:featuredmedia":[{"embeddable":true,"href":"https:\/\/habibimb.com\/en\/wp-json\/wp\/v2\/media\/3629"}],"wp:attachment":[{"href":"https:\/\/habibimb.com\/en\/wp-json\/wp\/v2\/media?parent=3627"}],"wp:term":[{"taxonomy":"product_brand","embeddable":true,"href":"https:\/\/habibimb.com\/en\/wp-json\/wp\/v2\/product_brand?post=3627"},{"taxonomy":"product_cat","embeddable":true,"href":"https:\/\/habibimb.com\/en\/wp-json\/wp\/v2\/product_cat?post=3627"},{"taxonomy":"product_tag","embeddable":true,"href":"https:\/\/habibimb.com\/en\/wp-json\/wp\/v2\/product_tag?post=3627"}],"curies":[{"name":"wp","href":"https:\/\/api.w.org\/{rel}","templated":true}]}}