{"id":3624,"date":"2025-11-11T08:32:20","date_gmt":"2025-11-11T08:32:20","guid":{"rendered":"https:\/\/habibimb.com\/?post_type=product&#038;p=3624"},"modified":"2025-11-11T08:32:16","modified_gmt":"2025-11-11T08:32:16","slug":"apa-de-parfum-seasons-drift-riiffs-unisex-100ml","status":"publish","type":"product","link":"https:\/\/habibimb.com\/en\/product\/apa-de-parfum-seasons-drift-riiffs-unisex-100ml\/","title":{"rendered":"Seasons Drift, Riiffs"},"content":{"rendered":"<p>Un parfum elegant \u0219i versatil, Seasons Drift evoc\u0103 lini\u0219tea naturii \u0219i libertatea sufletului. Aromele sale echilibrate \u00eembin\u0103 prospe\u021bimea notelor citrice cu accente florale \u0219i lemnoase, oferind o experien\u021b\u0103 olfactiv\u0103 calm\u0103, dar sofisticat\u0103. Ideal pentru femei \u0219i b\u0103rba\u021bi care prefer\u0103 rafinamentul subtil \u0219i armonia perfect\u0103 dintre putere \u0219i delicate\u021be.<strong><\/p>","protected":false},"excerpt":{"rendered":"<p>Note de v\u00e2rf: bergamot\u0103, mandarin\u0103, grapefruit, piper roz<\/p>\n<p>Note de mijloc: lavand\u0103, iasomie, trandafir, frunze verzi<\/p>\n<p>Note de baz\u0103: lemn de santal, mosc alb, chihlimbar, vetiver<strong><\/p>","protected":false},"featured_media":3625,"comment_status":"open","ping_status":"closed","template":"","meta":{"om_disable_all_campaigns":false,"_monsterinsights_skip_tracking":false,"_monsterinsights_sitenote_active":false,"_monsterinsights_sitenote_note":"","_monsterinsights_sitenote_category":0},"product_brand":[73],"product_cat":[57],"product_tag":[],"class_list":{"0":"post-3624","1":"product","2":"type-product","3":"status-publish","4":"has-post-thumbnail","6":"product_brand-riiffs","7":"product_cat-unisex","9":"first","10":"instock","11":"shipping-taxable","12":"purchasable","13":"product-type-simple"},"aioseo_notices":[],"ct_brands":[{"id":73,"name":"Riiffs","slug":"riiffs"}],"_links":{"self":[{"href":"https:\/\/habibimb.com\/en\/wp-json\/wp\/v2\/product\/3624","targetHints":{"allow":["GET"]}}],"collection":[{"href":"https:\/\/habibimb.com\/en\/wp-json\/wp\/v2\/product"}],"about":[{"href":"https:\/\/habibimb.com\/en\/wp-json\/wp\/v2\/types\/product"}],"replies":[{"embeddable":true,"href":"https:\/\/habibimb.com\/en\/wp-json\/wp\/v2\/comments?post=3624"}],"wp:featuredmedia":[{"embeddable":true,"href":"https:\/\/habibimb.com\/en\/wp-json\/wp\/v2\/media\/3625"}],"wp:attachment":[{"href":"https:\/\/habibimb.com\/en\/wp-json\/wp\/v2\/media?parent=3624"}],"wp:term":[{"taxonomy":"product_brand","embeddable":true,"href":"https:\/\/habibimb.com\/en\/wp-json\/wp\/v2\/product_brand?post=3624"},{"taxonomy":"product_cat","embeddable":true,"href":"https:\/\/habibimb.com\/en\/wp-json\/wp\/v2\/product_cat?post=3624"},{"taxonomy":"product_tag","embeddable":true,"href":"https:\/\/habibimb.com\/en\/wp-json\/wp\/v2\/product_tag?post=3624"}],"curies":[{"name":"wp","href":"https:\/\/api.w.org\/{rel}","templated":true}]}}