{"id":3619,"date":"2025-11-11T08:28:41","date_gmt":"2025-11-11T08:28:41","guid":{"rendered":"https:\/\/habibimb.com\/?post_type=product&#038;p=3619"},"modified":"2025-11-11T08:27:49","modified_gmt":"2025-11-11T08:27:49","slug":"apa-de-parfum-seasons-rise-nusuk-unisex-100ml","status":"publish","type":"product","link":"https:\/\/habibimb.com\/en\/product\/apa-de-parfum-seasons-rise-nusuk-unisex-100ml\/","title":{"rendered":"Seasons Rise, Riiffs"},"content":{"rendered":"<p>Un parfum luminos \u0219i echilibrat, Seasons Rise surprinde esen\u021ba prospe\u021bimii \u0219i a armoniei dintre natur\u0103 \u0219i rafinament. Creat pentru femei \u0219i b\u0103rba\u021bi deopotriv\u0103, acest elixir olfactiv eman\u0103 optimism, libertate \u0219i elegan\u021b\u0103 natural\u0103, potrivit pentru orice anotimp \u0219i orice moment al zilei.<strong><\/p>","protected":false},"excerpt":{"rendered":"<p>Note de v\u00e2rf: mandarin\u0103, bergamot\u0103, m\u0103r verde, frunze de violet\u0103<\/p>\n<p>Note de mijloc: trandafir, iasomie, lavand\u0103, note marine<\/p>\n<p>Note de baz\u0103: lemn de cedru, mosc alb, chihlimbar, vanilie fin\u0103<strong><\/p>","protected":false},"featured_media":3620,"comment_status":"open","ping_status":"closed","template":"","meta":{"om_disable_all_campaigns":false,"_monsterinsights_skip_tracking":false,"_monsterinsights_sitenote_active":false,"_monsterinsights_sitenote_note":"","_monsterinsights_sitenote_category":0},"product_brand":[73],"product_cat":[57],"product_tag":[],"class_list":{"0":"post-3619","1":"product","2":"type-product","3":"status-publish","4":"has-post-thumbnail","6":"product_brand-riiffs","7":"product_cat-unisex","9":"first","10":"instock","11":"shipping-taxable","12":"purchasable","13":"product-type-simple"},"aioseo_notices":[],"ct_brands":[{"id":73,"name":"Riiffs","slug":"riiffs"}],"_links":{"self":[{"href":"https:\/\/habibimb.com\/en\/wp-json\/wp\/v2\/product\/3619","targetHints":{"allow":["GET"]}}],"collection":[{"href":"https:\/\/habibimb.com\/en\/wp-json\/wp\/v2\/product"}],"about":[{"href":"https:\/\/habibimb.com\/en\/wp-json\/wp\/v2\/types\/product"}],"replies":[{"embeddable":true,"href":"https:\/\/habibimb.com\/en\/wp-json\/wp\/v2\/comments?post=3619"}],"wp:featuredmedia":[{"embeddable":true,"href":"https:\/\/habibimb.com\/en\/wp-json\/wp\/v2\/media\/3620"}],"wp:attachment":[{"href":"https:\/\/habibimb.com\/en\/wp-json\/wp\/v2\/media?parent=3619"}],"wp:term":[{"taxonomy":"product_brand","embeddable":true,"href":"https:\/\/habibimb.com\/en\/wp-json\/wp\/v2\/product_brand?post=3619"},{"taxonomy":"product_cat","embeddable":true,"href":"https:\/\/habibimb.com\/en\/wp-json\/wp\/v2\/product_cat?post=3619"},{"taxonomy":"product_tag","embeddable":true,"href":"https:\/\/habibimb.com\/en\/wp-json\/wp\/v2\/product_tag?post=3619"}],"curies":[{"name":"wp","href":"https:\/\/api.w.org\/{rel}","templated":true}]}}