{"id":3616,"date":"2025-11-11T08:26:26","date_gmt":"2025-11-11T08:26:26","guid":{"rendered":"https:\/\/habibimb.com\/?post_type=product&#038;p=3616"},"modified":"2025-12-17T12:30:04","modified_gmt":"2025-12-17T12:30:04","slug":"apa-de-parfum-agar-noir-intense-nusuk-barbati-100ml","status":"publish","type":"product","link":"https:\/\/habibimb.com\/en\/product\/apa-de-parfum-agar-noir-intense-nusuk-barbati-100ml\/","title":{"rendered":"Agar Noir Intense, Nusuk"},"content":{"rendered":"<p>Un parfum oriental intens \u0219i misterios, Agar Noir Intense reflect\u0103 elegan\u021ba \u0219i puterea b\u0103rbatului modern. Aroma sa profund\u0103, bazat\u0103 pe oud pre\u021bios \u0219i note lemnoase calde, eman\u0103 rafinament \u0219i carism\u0103, fiind perfect\u0103 pentru serile speciale sau momentele \u00een care vrei s\u0103 la\u0219i o impresie de neuitat.<strong><\/p>","protected":false},"excerpt":{"rendered":"<p>Note de v\u00e2rf: bergamot\u0103, piper negru, \u0219ofran<\/p>\n<p>Note de mijloc: lemn de cedru, paciuli, trandafir, ambr\u0103<\/p>\n<p>Note de baz\u0103: oud, mosc, vanilie, lemn de santal<strong><\/p>","protected":false},"featured_media":3617,"comment_status":"open","ping_status":"closed","template":"","meta":{"om_disable_all_campaigns":false,"_monsterinsights_skip_tracking":false,"_monsterinsights_sitenote_active":false,"_monsterinsights_sitenote_note":"","_monsterinsights_sitenote_category":0},"product_brand":[77],"product_cat":[55],"product_tag":[],"class_list":{"0":"post-3616","1":"product","2":"type-product","3":"status-publish","4":"has-post-thumbnail","6":"product_brand-nusuk","7":"product_cat-pentru-el","9":"first","10":"instock","11":"shipping-taxable","12":"purchasable","13":"product-type-simple"},"aioseo_notices":[],"ct_brands":[{"id":77,"name":"Nusuk","slug":"nusuk"}],"_links":{"self":[{"href":"https:\/\/habibimb.com\/en\/wp-json\/wp\/v2\/product\/3616","targetHints":{"allow":["GET"]}}],"collection":[{"href":"https:\/\/habibimb.com\/en\/wp-json\/wp\/v2\/product"}],"about":[{"href":"https:\/\/habibimb.com\/en\/wp-json\/wp\/v2\/types\/product"}],"replies":[{"embeddable":true,"href":"https:\/\/habibimb.com\/en\/wp-json\/wp\/v2\/comments?post=3616"}],"wp:featuredmedia":[{"embeddable":true,"href":"https:\/\/habibimb.com\/en\/wp-json\/wp\/v2\/media\/3617"}],"wp:attachment":[{"href":"https:\/\/habibimb.com\/en\/wp-json\/wp\/v2\/media?parent=3616"}],"wp:term":[{"taxonomy":"product_brand","embeddable":true,"href":"https:\/\/habibimb.com\/en\/wp-json\/wp\/v2\/product_brand?post=3616"},{"taxonomy":"product_cat","embeddable":true,"href":"https:\/\/habibimb.com\/en\/wp-json\/wp\/v2\/product_cat?post=3616"},{"taxonomy":"product_tag","embeddable":true,"href":"https:\/\/habibimb.com\/en\/wp-json\/wp\/v2\/product_tag?post=3616"}],"curies":[{"name":"wp","href":"https:\/\/api.w.org\/{rel}","templated":true}]}}