{"id":3610,"date":"2025-11-11T08:22:42","date_gmt":"2025-11-11T08:22:42","guid":{"rendered":"https:\/\/habibimb.com\/?post_type=product&#038;p=3610"},"modified":"2025-12-11T10:30:23","modified_gmt":"2025-12-11T10:30:23","slug":"apa-de-parfum-sergeant-elixir-fariis-barbati-100ml","status":"publish","type":"product","link":"https:\/\/habibimb.com\/en\/product\/apa-de-parfum-sergeant-elixir-fariis-barbati-100ml\/","title":{"rendered":"Sergeant , Fariis"},"content":{"rendered":"<p>Un parfum puternic, carismatic \u0219i profund, Sergeant Elixir este crea\u021bia ideal\u0103 pentru b\u0103rbatul dominat de curaj \u0219i determinare. Aromele sale bogate \u0219i masculine eman\u0103 autoritate \u0219i rafinament, l\u0103s\u00e2nd o impresie inconfundabil\u0103 de for\u021b\u0103 \u0219i elegan\u021b\u0103.<strong><\/p>","protected":false},"excerpt":{"rendered":"<p>Note de v\u00e2rf: bergamot\u0103, m\u0103r verde, cardamom, piper negru<\/p>\n<p>Note de mijloc: lavand\u0103, mu\u0219cat\u0103, salvie, scor\u021bi\u0219oar\u0103<\/p>\n<p>Note de baz\u0103: lemn de cedru, patchouli, ambra, vanilie, mosc<strong><\/p>","protected":false},"featured_media":4103,"comment_status":"open","ping_status":"closed","template":"","meta":{"om_disable_all_campaigns":false,"_monsterinsights_skip_tracking":false,"_monsterinsights_sitenote_active":false,"_monsterinsights_sitenote_note":"","_monsterinsights_sitenote_category":0},"product_brand":[102],"product_cat":[55],"product_tag":[],"class_list":{"0":"post-3610","1":"product","2":"type-product","3":"status-publish","4":"has-post-thumbnail","6":"product_brand-fariis","7":"product_cat-pentru-el","9":"first","10":"instock","11":"shipping-taxable","12":"purchasable","13":"product-type-simple"},"aioseo_notices":[],"ct_brands":[{"id":102,"name":"Fariis","slug":"fariis"}],"_links":{"self":[{"href":"https:\/\/habibimb.com\/en\/wp-json\/wp\/v2\/product\/3610","targetHints":{"allow":["GET"]}}],"collection":[{"href":"https:\/\/habibimb.com\/en\/wp-json\/wp\/v2\/product"}],"about":[{"href":"https:\/\/habibimb.com\/en\/wp-json\/wp\/v2\/types\/product"}],"replies":[{"embeddable":true,"href":"https:\/\/habibimb.com\/en\/wp-json\/wp\/v2\/comments?post=3610"}],"wp:featuredmedia":[{"embeddable":true,"href":"https:\/\/habibimb.com\/en\/wp-json\/wp\/v2\/media\/4103"}],"wp:attachment":[{"href":"https:\/\/habibimb.com\/en\/wp-json\/wp\/v2\/media?parent=3610"}],"wp:term":[{"taxonomy":"product_brand","embeddable":true,"href":"https:\/\/habibimb.com\/en\/wp-json\/wp\/v2\/product_brand?post=3610"},{"taxonomy":"product_cat","embeddable":true,"href":"https:\/\/habibimb.com\/en\/wp-json\/wp\/v2\/product_cat?post=3610"},{"taxonomy":"product_tag","embeddable":true,"href":"https:\/\/habibimb.com\/en\/wp-json\/wp\/v2\/product_tag?post=3610"}],"curies":[{"name":"wp","href":"https:\/\/api.w.org\/{rel}","templated":true}]}}