{"id":3607,"date":"2025-11-11T08:20:18","date_gmt":"2025-11-11T08:20:18","guid":{"rendered":"https:\/\/habibimb.com\/?post_type=product&#038;p=3607"},"modified":"2025-11-11T08:19:34","modified_gmt":"2025-11-11T08:19:34","slug":"apa-de-parfum-bliss-extait-fariis-femei-100ml","status":"publish","type":"product","link":"https:\/\/habibimb.com\/en\/product\/apa-de-parfum-bliss-extait-fariis-femei-100ml\/","title":{"rendered":"Bliss Extait, Fariis"},"content":{"rendered":"<p>Un parfum intens \u0219i rafinat, creat pentru femeia care \u00eembin\u0103 elegan\u021ba cu misterul. Bliss Extrait dezv\u0103luie o armonie perfect\u0103 \u00eentre note dulci, florale \u0219i orientale, oferind o aur\u0103 seduc\u0103toare \u0219i sofisticat\u0103. Este o esen\u021b\u0103 de lux, cu o proiec\u021bie puternic\u0103 \u0219i o persisten\u021b\u0103 \u00eendelungat\u0103, ideal\u0103 pentru serile speciale.<br \/>\n<strong><\/p>","protected":false},"excerpt":{"rendered":"<p>Note de v\u00e2rf: par\u0103, coac\u0103ze negre, bergamot\u0103<\/p>\n<p>Note de mijloc: iasomie, trandafir, floare de portocal<\/p>\n<p>Note de baz\u0103: vanilie, mosc, ambroxan, lemn de santal<strong><\/p>","protected":false},"featured_media":3608,"comment_status":"open","ping_status":"closed","template":"","meta":{"om_disable_all_campaigns":false,"_monsterinsights_skip_tracking":false,"_monsterinsights_sitenote_active":false,"_monsterinsights_sitenote_note":"","_monsterinsights_sitenote_category":0},"product_brand":[102],"product_cat":[56],"product_tag":[],"class_list":{"0":"post-3607","1":"product","2":"type-product","3":"status-publish","4":"has-post-thumbnail","6":"product_brand-fariis","7":"product_cat-pentru-ea","9":"first","10":"instock","11":"shipping-taxable","12":"purchasable","13":"product-type-simple"},"aioseo_notices":[],"ct_brands":[{"id":102,"name":"Fariis","slug":"fariis"}],"_links":{"self":[{"href":"https:\/\/habibimb.com\/en\/wp-json\/wp\/v2\/product\/3607","targetHints":{"allow":["GET"]}}],"collection":[{"href":"https:\/\/habibimb.com\/en\/wp-json\/wp\/v2\/product"}],"about":[{"href":"https:\/\/habibimb.com\/en\/wp-json\/wp\/v2\/types\/product"}],"replies":[{"embeddable":true,"href":"https:\/\/habibimb.com\/en\/wp-json\/wp\/v2\/comments?post=3607"}],"wp:featuredmedia":[{"embeddable":true,"href":"https:\/\/habibimb.com\/en\/wp-json\/wp\/v2\/media\/3608"}],"wp:attachment":[{"href":"https:\/\/habibimb.com\/en\/wp-json\/wp\/v2\/media?parent=3607"}],"wp:term":[{"taxonomy":"product_brand","embeddable":true,"href":"https:\/\/habibimb.com\/en\/wp-json\/wp\/v2\/product_brand?post=3607"},{"taxonomy":"product_cat","embeddable":true,"href":"https:\/\/habibimb.com\/en\/wp-json\/wp\/v2\/product_cat?post=3607"},{"taxonomy":"product_tag","embeddable":true,"href":"https:\/\/habibimb.com\/en\/wp-json\/wp\/v2\/product_tag?post=3607"}],"curies":[{"name":"wp","href":"https:\/\/api.w.org\/{rel}","templated":true}]}}