{"id":3604,"date":"2025-11-11T08:18:19","date_gmt":"2025-11-11T08:18:19","guid":{"rendered":"https:\/\/habibimb.com\/?post_type=product&#038;p=3604"},"modified":"2025-11-11T08:17:26","modified_gmt":"2025-11-11T08:17:26","slug":"apa-de-parfum-bliss-in-red-fariis-femei-100ml","status":"publish","type":"product","link":"https:\/\/habibimb.com\/en\/product\/apa-de-parfum-bliss-in-red-fariis-femei-100ml\/","title":{"rendered":"Bliss in Red, Fariis"},"content":{"rendered":"<p>O explozie de feminitate \u0219i pasiune, Bliss in Red cucere\u0219te prin elegan\u021b\u0103 \u0219i senzualitate. Este parfumul unei femei sigure pe sine, care eman\u0103 farmec \u0219i rafinament la fiecare pas. Aroma sa floral-fructat\u0103 este intens\u0103, dar echilibrat\u0103, l\u0103s\u00e2nd o urm\u0103 cald\u0103 \u0219i memorabil\u0103.<strong><\/p>","protected":false},"excerpt":{"rendered":"<p>Note de v\u00e2rf: zmeur\u0103, bergamot\u0103, mandarin\u0103, piper roz<\/p>\n<p>Note de mijloc: trandafir, iasomie, bujor, frezie<\/p>\n<p>Note de baz\u0103: vanilie, mosc alb, lemn de santal, chihlimbar<strong><\/p>","protected":false},"featured_media":3605,"comment_status":"open","ping_status":"closed","template":"","meta":{"om_disable_all_campaigns":false,"_monsterinsights_skip_tracking":false,"_monsterinsights_sitenote_active":false,"_monsterinsights_sitenote_note":"","_monsterinsights_sitenote_category":0},"product_brand":[102],"product_cat":[56],"product_tag":[],"class_list":{"0":"post-3604","1":"product","2":"type-product","3":"status-publish","4":"has-post-thumbnail","6":"product_brand-fariis","7":"product_cat-pentru-ea","9":"first","10":"instock","11":"shipping-taxable","12":"purchasable","13":"product-type-simple"},"aioseo_notices":[],"ct_brands":[{"id":102,"name":"Fariis","slug":"fariis"}],"_links":{"self":[{"href":"https:\/\/habibimb.com\/en\/wp-json\/wp\/v2\/product\/3604","targetHints":{"allow":["GET"]}}],"collection":[{"href":"https:\/\/habibimb.com\/en\/wp-json\/wp\/v2\/product"}],"about":[{"href":"https:\/\/habibimb.com\/en\/wp-json\/wp\/v2\/types\/product"}],"replies":[{"embeddable":true,"href":"https:\/\/habibimb.com\/en\/wp-json\/wp\/v2\/comments?post=3604"}],"wp:featuredmedia":[{"embeddable":true,"href":"https:\/\/habibimb.com\/en\/wp-json\/wp\/v2\/media\/3605"}],"wp:attachment":[{"href":"https:\/\/habibimb.com\/en\/wp-json\/wp\/v2\/media?parent=3604"}],"wp:term":[{"taxonomy":"product_brand","embeddable":true,"href":"https:\/\/habibimb.com\/en\/wp-json\/wp\/v2\/product_brand?post=3604"},{"taxonomy":"product_cat","embeddable":true,"href":"https:\/\/habibimb.com\/en\/wp-json\/wp\/v2\/product_cat?post=3604"},{"taxonomy":"product_tag","embeddable":true,"href":"https:\/\/habibimb.com\/en\/wp-json\/wp\/v2\/product_tag?post=3604"}],"curies":[{"name":"wp","href":"https:\/\/api.w.org\/{rel}","templated":true}]}}