{"id":3596,"date":"2025-11-11T08:13:10","date_gmt":"2025-11-11T08:13:10","guid":{"rendered":"https:\/\/habibimb.com\/?post_type=product&#038;p=3596"},"modified":"2025-12-09T11:13:32","modified_gmt":"2025-12-09T11:13:32","slug":"apa-de-parfum-azure-blue-fariis-barbati-100ml","status":"publish","type":"product","link":"https:\/\/habibimb.com\/en\/product\/apa-de-parfum-azure-blue-fariis-barbati-100ml\/","title":{"rendered":"Azure Blue, Fariis"},"content":{"rendered":"<p>Un parfum proasp\u0103t \u0219i sofisticat, inspirat de libertatea m\u0103rii \u0219i energia cerului senin. Azure Blue \u00eembin\u0103 note acvatice revigorante cu accente lemnoase \u0219i citrice, oferind o arom\u0103 elegant\u0103, masculin\u0103 \u0219i plin\u0103 de vitalitate. Ideal pentru b\u0103rbatul modern, sigur pe sine \u0219i mereu \u00een mi\u0219care.<strong><\/p>","protected":false},"excerpt":{"rendered":"<p>Note de v\u00e2rf: bergamot\u0103, l\u0103m\u00e2ie, mandarin\u0103, note marine<\/p>\n<p>Note de mijloc: lavand\u0103, mu\u0219cat\u0103, rozmarin, frunze de violet\u0103<\/p>\n<p>Note de baz\u0103: lemn de cedru, mosc alb, chihlimbar, patchouli<strong><\/p>","protected":false},"featured_media":3598,"comment_status":"open","ping_status":"closed","template":"","meta":{"om_disable_all_campaigns":false,"_monsterinsights_skip_tracking":false,"_monsterinsights_sitenote_active":false,"_monsterinsights_sitenote_note":"","_monsterinsights_sitenote_category":0},"product_brand":[102],"product_cat":[55],"product_tag":[],"class_list":{"0":"post-3596","1":"product","2":"type-product","3":"status-publish","4":"has-post-thumbnail","6":"product_brand-fariis","7":"product_cat-pentru-el","9":"first","10":"instock","11":"shipping-taxable","12":"purchasable","13":"product-type-simple"},"aioseo_notices":[],"ct_brands":[{"id":102,"name":"Fariis","slug":"fariis"}],"_links":{"self":[{"href":"https:\/\/habibimb.com\/en\/wp-json\/wp\/v2\/product\/3596","targetHints":{"allow":["GET"]}}],"collection":[{"href":"https:\/\/habibimb.com\/en\/wp-json\/wp\/v2\/product"}],"about":[{"href":"https:\/\/habibimb.com\/en\/wp-json\/wp\/v2\/types\/product"}],"replies":[{"embeddable":true,"href":"https:\/\/habibimb.com\/en\/wp-json\/wp\/v2\/comments?post=3596"}],"wp:featuredmedia":[{"embeddable":true,"href":"https:\/\/habibimb.com\/en\/wp-json\/wp\/v2\/media\/3598"}],"wp:attachment":[{"href":"https:\/\/habibimb.com\/en\/wp-json\/wp\/v2\/media?parent=3596"}],"wp:term":[{"taxonomy":"product_brand","embeddable":true,"href":"https:\/\/habibimb.com\/en\/wp-json\/wp\/v2\/product_brand?post=3596"},{"taxonomy":"product_cat","embeddable":true,"href":"https:\/\/habibimb.com\/en\/wp-json\/wp\/v2\/product_cat?post=3596"},{"taxonomy":"product_tag","embeddable":true,"href":"https:\/\/habibimb.com\/en\/wp-json\/wp\/v2\/product_tag?post=3596"}],"curies":[{"name":"wp","href":"https:\/\/api.w.org\/{rel}","templated":true}]}}