{"id":3556,"date":"2025-10-31T09:31:11","date_gmt":"2025-10-31T09:31:11","guid":{"rendered":"https:\/\/habibimb.com\/?post_type=product&#038;p=3556"},"modified":"2025-10-31T09:30:54","modified_gmt":"2025-10-31T09:30:54","slug":"apa-de-parfum-fawah-midnight-editionnusuk-barbati-100ml","status":"publish","type":"product","link":"https:\/\/habibimb.com\/en\/product\/apa-de-parfum-fawah-midnight-editionnusuk-barbati-100ml\/","title":{"rendered":"Fawah Midnight Edition,Nusuk"},"content":{"rendered":"<p>Un parfum masculin sofisticat, cu o prezen\u0163\u0103 intens\u0103 \u015fi elegant\u0103. Deschide cu note dulci-condimentate de scor\u0163i\u015foar\u0103, zah\u0103r ars \u015fi cardamon. \u00cen inima compozi\u0163iei apar accente de t\u0103m\u00e2ie, cashmeran \u015fi scoar\u0163\u0103 de copac, iar baza aduce piele, cacao, ambra \u015fi paciuli \u2014 ceea ce confer\u0103 profunzime, mister \u015fi durabilitate. Ideal pentru serile r\u0103coroase sau ocazii speciale c\u00e2nd vrei s\u0103 la\u015fi o impresie memorabil\u0103.<strong><\/p>","protected":false},"excerpt":{"rendered":"<p>Asem\u0103n\u0103tor cu Oajan Parfums de Marly\u00a0<strong><\/p>","protected":false},"featured_media":3557,"comment_status":"open","ping_status":"closed","template":"","meta":{"om_disable_all_campaigns":false,"_monsterinsights_skip_tracking":false,"_monsterinsights_sitenote_active":false,"_monsterinsights_sitenote_note":"","_monsterinsights_sitenote_category":0},"product_brand":[77],"product_cat":[55],"product_tag":[],"class_list":{"0":"post-3556","1":"product","2":"type-product","3":"status-publish","4":"has-post-thumbnail","6":"product_brand-nusuk","7":"product_cat-pentru-el","9":"first","10":"instock","11":"shipping-taxable","12":"purchasable","13":"product-type-simple"},"aioseo_notices":[],"ct_brands":[{"id":77,"name":"Nusuk","slug":"nusuk"}],"_links":{"self":[{"href":"https:\/\/habibimb.com\/en\/wp-json\/wp\/v2\/product\/3556","targetHints":{"allow":["GET"]}}],"collection":[{"href":"https:\/\/habibimb.com\/en\/wp-json\/wp\/v2\/product"}],"about":[{"href":"https:\/\/habibimb.com\/en\/wp-json\/wp\/v2\/types\/product"}],"replies":[{"embeddable":true,"href":"https:\/\/habibimb.com\/en\/wp-json\/wp\/v2\/comments?post=3556"}],"wp:featuredmedia":[{"embeddable":true,"href":"https:\/\/habibimb.com\/en\/wp-json\/wp\/v2\/media\/3557"}],"wp:attachment":[{"href":"https:\/\/habibimb.com\/en\/wp-json\/wp\/v2\/media?parent=3556"}],"wp:term":[{"taxonomy":"product_brand","embeddable":true,"href":"https:\/\/habibimb.com\/en\/wp-json\/wp\/v2\/product_brand?post=3556"},{"taxonomy":"product_cat","embeddable":true,"href":"https:\/\/habibimb.com\/en\/wp-json\/wp\/v2\/product_cat?post=3556"},{"taxonomy":"product_tag","embeddable":true,"href":"https:\/\/habibimb.com\/en\/wp-json\/wp\/v2\/product_tag?post=3556"}],"curies":[{"name":"wp","href":"https:\/\/api.w.org\/{rel}","templated":true}]}}