{"id":3552,"date":"2025-10-31T09:23:41","date_gmt":"2025-10-31T09:23:41","guid":{"rendered":"https:\/\/habibimb.com\/?post_type=product&#038;p=3552"},"modified":"2025-11-12T11:02:15","modified_gmt":"2025-11-12T11:02:15","slug":"apa-de-parfum-fakhar-man-lattafa-barbati-100ml","status":"publish","type":"product","link":"https:\/\/habibimb.com\/en\/product\/apa-de-parfum-fakhar-man-lattafa-barbati-100ml\/","title":{"rendered":"Fakhar Man, Lattafa"},"content":{"rendered":"<p>Un parfum masculin modern \u0219i rafinat, cu un caracter aromatic-lemnos. Se deschide cu note proaspete de m\u0103r, bergamot\u0103 \u0219i ghimbir, oferind energie \u0219i vitalitate. Inima parfumului combin\u0103 lavand\u0103, salvie \u0219i boabe de ienup\u0103r, aduc\u00e2nd un echilibru \u00eentre prospe\u021bime \u0219i elegan\u021b\u0103. Baza cald\u0103 de tonka, cedru \u0219i vetiver confer\u0103 profunzime \u0219i persisten\u021b\u0103. Ideal pentru b\u0103rbatul \u00eencrez\u0103tor \u0219i carismatic, potrivit at\u00e2t pentru zi, c\u00e2t \u0219i pentru sear\u0103.<strong><\/p>","protected":false},"excerpt":{"rendered":"<p>Asem\u0103n\u0103tor cu Y Yves Saint Laurent<strong><\/p>","protected":false},"featured_media":3553,"comment_status":"open","ping_status":"closed","template":"","meta":{"om_disable_all_campaigns":false,"_monsterinsights_skip_tracking":false,"_monsterinsights_sitenote_active":false,"_monsterinsights_sitenote_note":"","_monsterinsights_sitenote_category":0},"product_brand":[63],"product_cat":[55],"product_tag":[],"class_list":{"0":"post-3552","1":"product","2":"type-product","3":"status-publish","4":"has-post-thumbnail","6":"product_brand-lattafa","7":"product_cat-pentru-el","9":"first","10":"instock","11":"shipping-taxable","12":"purchasable","13":"product-type-simple"},"aioseo_notices":[],"ct_brands":[{"id":63,"name":"Lattafa","slug":"lattafa"}],"_links":{"self":[{"href":"https:\/\/habibimb.com\/en\/wp-json\/wp\/v2\/product\/3552","targetHints":{"allow":["GET"]}}],"collection":[{"href":"https:\/\/habibimb.com\/en\/wp-json\/wp\/v2\/product"}],"about":[{"href":"https:\/\/habibimb.com\/en\/wp-json\/wp\/v2\/types\/product"}],"replies":[{"embeddable":true,"href":"https:\/\/habibimb.com\/en\/wp-json\/wp\/v2\/comments?post=3552"}],"wp:featuredmedia":[{"embeddable":true,"href":"https:\/\/habibimb.com\/en\/wp-json\/wp\/v2\/media\/3553"}],"wp:attachment":[{"href":"https:\/\/habibimb.com\/en\/wp-json\/wp\/v2\/media?parent=3552"}],"wp:term":[{"taxonomy":"product_brand","embeddable":true,"href":"https:\/\/habibimb.com\/en\/wp-json\/wp\/v2\/product_brand?post=3552"},{"taxonomy":"product_cat","embeddable":true,"href":"https:\/\/habibimb.com\/en\/wp-json\/wp\/v2\/product_cat?post=3552"},{"taxonomy":"product_tag","embeddable":true,"href":"https:\/\/habibimb.com\/en\/wp-json\/wp\/v2\/product_tag?post=3552"}],"curies":[{"name":"wp","href":"https:\/\/api.w.org\/{rel}","templated":true}]}}