{"id":3548,"date":"2025-10-31T09:20:02","date_gmt":"2025-10-31T09:20:02","guid":{"rendered":"https:\/\/habibimb.com\/?post_type=product&#038;p=3548"},"modified":"2025-10-31T09:18:59","modified_gmt":"2025-10-31T09:18:59","slug":"apa-de-parfum-ana-abiyedh-poudre-lattafa-femei-60ml","status":"publish","type":"product","link":"https:\/\/habibimb.com\/en\/product\/apa-de-parfum-ana-abiyedh-poudre-lattafa-femei-60ml\/","title":{"rendered":"Ana Abiyedh Poudre, Lattafa"},"content":{"rendered":"<p>Un parfum elegant \u0219i rafinat, cu accente pudrate \u0219i calde. Se deschide cu note delicate de l\u0103cr\u0103mioare \u0219i coriandru, oferind o prospe\u021bime subtil\u0103. Inima parfumului combin\u0103 ambr\u0103 \u0219i vanilie pentru o senza\u021bie catifelat\u0103 \u0219i feminin\u0103, iar baza moale de mosc \u0219i lemn u\u0219or adaug\u0103 profunzime \u0219i persisten\u021b\u0103. Ideal pentru femeia care prefer\u0103 aromele fine, sofisticate \u0219i discrete, potrivite pentru fiecare zi.<strong><\/p>","protected":false},"excerpt":{"rendered":"<p>Asem\u0103n\u0103tor cu Black Tie Celine<strong><\/p>","protected":false},"featured_media":3549,"comment_status":"open","ping_status":"closed","template":"","meta":{"om_disable_all_campaigns":false,"_monsterinsights_skip_tracking":false,"_monsterinsights_sitenote_active":false,"_monsterinsights_sitenote_note":"","_monsterinsights_sitenote_category":0},"product_brand":[63],"product_cat":[56],"product_tag":[],"class_list":{"0":"post-3548","1":"product","2":"type-product","3":"status-publish","4":"has-post-thumbnail","6":"product_brand-lattafa","7":"product_cat-pentru-ea","9":"first","10":"instock","11":"shipping-taxable","12":"purchasable","13":"product-type-simple"},"aioseo_notices":[],"ct_brands":[{"id":63,"name":"Lattafa","slug":"lattafa"}],"_links":{"self":[{"href":"https:\/\/habibimb.com\/en\/wp-json\/wp\/v2\/product\/3548","targetHints":{"allow":["GET"]}}],"collection":[{"href":"https:\/\/habibimb.com\/en\/wp-json\/wp\/v2\/product"}],"about":[{"href":"https:\/\/habibimb.com\/en\/wp-json\/wp\/v2\/types\/product"}],"replies":[{"embeddable":true,"href":"https:\/\/habibimb.com\/en\/wp-json\/wp\/v2\/comments?post=3548"}],"wp:featuredmedia":[{"embeddable":true,"href":"https:\/\/habibimb.com\/en\/wp-json\/wp\/v2\/media\/3549"}],"wp:attachment":[{"href":"https:\/\/habibimb.com\/en\/wp-json\/wp\/v2\/media?parent=3548"}],"wp:term":[{"taxonomy":"product_brand","embeddable":true,"href":"https:\/\/habibimb.com\/en\/wp-json\/wp\/v2\/product_brand?post=3548"},{"taxonomy":"product_cat","embeddable":true,"href":"https:\/\/habibimb.com\/en\/wp-json\/wp\/v2\/product_cat?post=3548"},{"taxonomy":"product_tag","embeddable":true,"href":"https:\/\/habibimb.com\/en\/wp-json\/wp\/v2\/product_tag?post=3548"}],"curies":[{"name":"wp","href":"https:\/\/api.w.org\/{rel}","templated":true}]}}