{"id":3542,"date":"2025-10-31T09:13:18","date_gmt":"2025-10-31T09:13:18","guid":{"rendered":"https:\/\/habibimb.com\/?post_type=product&#038;p=3542"},"modified":"2026-02-17T09:21:27","modified_gmt":"2026-02-17T09:21:27","slug":"apa-de-parfum-afeef-lattafa-unisex-100ml","status":"publish","type":"product","link":"https:\/\/habibimb.com\/en\/product\/apa-de-parfum-afeef-lattafa-unisex-100ml\/","title":{"rendered":"Afeef, Lattafa"},"content":{"rendered":"<p>Un parfum unisex care combin\u0103 prospe\u021bimea \u0219i dulcea\u021ba \u00eentr-o armonie elegant\u0103. Se deschide cu note luminoase de bergamot\u0103, pi\u0219cot de piersic\u0103 \u0219i piper roz, iar inima floral\u0103 de tuberoz\u0103, iasomie \u015fi floare de portocal adaug\u0103 rafinament. Baza cald\u0103 de lemn de santal, ambra, praline \u015fi patchouli las\u0103 o urm\u0103 sofisticat\u0103 \u0219i persistent\u0103. Perfect pentru cine caut\u0103 un parfum distinctiv, modern \u0219i versatil.<strong><\/p>","protected":false},"excerpt":{"rendered":"<p>Un parfum unisex care combin\u0103 prospe\u021bimea \u0219i dulcea\u021ba \u00eentr-o armonie elegant\u0103. Se deschide cu note luminoase de bergamot\u0103, pi\u0219cot de piersic\u0103 \u0219i piper roz, iar inima floral\u0103 de tuberoz\u0103, iasomie \u015fi floare de portocal adaug\u0103 rafinament. Baza cald\u0103 de lemn de santal, ambra, praline \u015fi patchouli las\u0103 o urm\u0103 sofisticat\u0103 \u0219i persistent\u0103. Perfect pentru cine [&hellip;]<\/p>","protected":false},"featured_media":3544,"comment_status":"open","ping_status":"closed","template":"","meta":{"om_disable_all_campaigns":false,"_monsterinsights_skip_tracking":false,"_monsterinsights_sitenote_active":false,"_monsterinsights_sitenote_note":"","_monsterinsights_sitenote_category":0},"product_brand":[63],"product_cat":[57],"product_tag":[],"class_list":{"0":"post-3542","1":"product","2":"type-product","3":"status-publish","4":"has-post-thumbnail","6":"product_brand-lattafa","7":"product_cat-unisex","9":"first","10":"instock","11":"shipping-taxable","12":"purchasable","13":"product-type-simple"},"aioseo_notices":[],"ct_brands":[{"id":63,"name":"Lattafa","slug":"lattafa"}],"_links":{"self":[{"href":"https:\/\/habibimb.com\/en\/wp-json\/wp\/v2\/product\/3542","targetHints":{"allow":["GET"]}}],"collection":[{"href":"https:\/\/habibimb.com\/en\/wp-json\/wp\/v2\/product"}],"about":[{"href":"https:\/\/habibimb.com\/en\/wp-json\/wp\/v2\/types\/product"}],"replies":[{"embeddable":true,"href":"https:\/\/habibimb.com\/en\/wp-json\/wp\/v2\/comments?post=3542"}],"wp:featuredmedia":[{"embeddable":true,"href":"https:\/\/habibimb.com\/en\/wp-json\/wp\/v2\/media\/3544"}],"wp:attachment":[{"href":"https:\/\/habibimb.com\/en\/wp-json\/wp\/v2\/media?parent=3542"}],"wp:term":[{"taxonomy":"product_brand","embeddable":true,"href":"https:\/\/habibimb.com\/en\/wp-json\/wp\/v2\/product_brand?post=3542"},{"taxonomy":"product_cat","embeddable":true,"href":"https:\/\/habibimb.com\/en\/wp-json\/wp\/v2\/product_cat?post=3542"},{"taxonomy":"product_tag","embeddable":true,"href":"https:\/\/habibimb.com\/en\/wp-json\/wp\/v2\/product_tag?post=3542"}],"curies":[{"name":"wp","href":"https:\/\/api.w.org\/{rel}","templated":true}]}}