{"id":3539,"date":"2025-10-31T09:10:27","date_gmt":"2025-10-31T09:10:27","guid":{"rendered":"https:\/\/habibimb.com\/?post_type=product&#038;p=3539"},"modified":"2025-10-31T09:10:25","modified_gmt":"2025-10-31T09:10:25","slug":"apa-de-parfum-fakhar-platin-lattafa-barbati-100ml","status":"publish","type":"product","link":"https:\/\/habibimb.com\/en\/product\/apa-de-parfum-fakhar-platin-lattafa-barbati-100ml\/","title":{"rendered":"Fakhar Platin, Lattafa"},"content":{"rendered":"<p>Un parfum modern \u0219i rafinat, cu un caracter aromatic-lemnos \u0219i accente condimentate. Se deschide cu note proaspete de bergamot\u0103, piper roz \u0219i cardamom, urmate de o inim\u0103 cald\u0103 de ghimbir, lavand\u0103 \u0219i guava exotic\u0103. Baza este dominat\u0103 de tonuri de palo santo, t\u0103m\u00e2ie \u0219i lemn de santal, care ofer\u0103 profunzime, elegan\u021b\u0103 \u0219i persisten\u021b\u0103. Un parfum puternic \u0219i sofisticat, ideal pentru b\u0103rbatul \u00eencrez\u0103tor, potrivit at\u00e2t pentru zi, c\u00e2t \u0219i pentru sear\u0103.<strong><\/p>","protected":false},"excerpt":{"rendered":"<p>Asem\u0103n\u0103tor cu Y Elixir Yves Saint Laurent<strong><\/p>","protected":false},"featured_media":3540,"comment_status":"open","ping_status":"closed","template":"","meta":{"om_disable_all_campaigns":false,"_monsterinsights_skip_tracking":false,"_monsterinsights_sitenote_active":false,"_monsterinsights_sitenote_note":"","_monsterinsights_sitenote_category":0},"product_brand":[63],"product_cat":[55],"product_tag":[],"class_list":{"0":"post-3539","1":"product","2":"type-product","3":"status-publish","4":"has-post-thumbnail","6":"product_brand-lattafa","7":"product_cat-pentru-el","9":"first","10":"instock","11":"shipping-taxable","12":"purchasable","13":"product-type-simple"},"aioseo_notices":[],"ct_brands":[{"id":63,"name":"Lattafa","slug":"lattafa"}],"_links":{"self":[{"href":"https:\/\/habibimb.com\/en\/wp-json\/wp\/v2\/product\/3539","targetHints":{"allow":["GET"]}}],"collection":[{"href":"https:\/\/habibimb.com\/en\/wp-json\/wp\/v2\/product"}],"about":[{"href":"https:\/\/habibimb.com\/en\/wp-json\/wp\/v2\/types\/product"}],"replies":[{"embeddable":true,"href":"https:\/\/habibimb.com\/en\/wp-json\/wp\/v2\/comments?post=3539"}],"wp:featuredmedia":[{"embeddable":true,"href":"https:\/\/habibimb.com\/en\/wp-json\/wp\/v2\/media\/3540"}],"wp:attachment":[{"href":"https:\/\/habibimb.com\/en\/wp-json\/wp\/v2\/media?parent=3539"}],"wp:term":[{"taxonomy":"product_brand","embeddable":true,"href":"https:\/\/habibimb.com\/en\/wp-json\/wp\/v2\/product_brand?post=3539"},{"taxonomy":"product_cat","embeddable":true,"href":"https:\/\/habibimb.com\/en\/wp-json\/wp\/v2\/product_cat?post=3539"},{"taxonomy":"product_tag","embeddable":true,"href":"https:\/\/habibimb.com\/en\/wp-json\/wp\/v2\/product_tag?post=3539"}],"curies":[{"name":"wp","href":"https:\/\/api.w.org\/{rel}","templated":true}]}}