{"id":3536,"date":"2025-10-31T09:07:31","date_gmt":"2025-10-31T09:07:31","guid":{"rendered":"https:\/\/habibimb.com\/?post_type=product&#038;p=3536"},"modified":"2026-01-20T11:01:14","modified_gmt":"2026-01-20T11:01:14","slug":"apa-de-parfum-haya-lattafa-femei-100ml","status":"publish","type":"product","link":"https:\/\/habibimb.com\/en\/product\/apa-de-parfum-haya-lattafa-femei-100ml\/","title":{"rendered":"Haya, Lattafa"},"content":{"rendered":"<p>Un parfum feminin, luminos \u0219i seduc\u0103tor, ce combin\u0103 prospe\u021bimea fructelor cu rafinamentul notelor florale. Debuteaz\u0103 cu acorduri str\u0103lucitoare de \u0219ampanie, c\u0103p\u0219uni, mandarin\u0103, portocal\u0103 s\u00e2ngerie \u0219i trandafir. Inima aduce un buchet elegant de gardenie, iasomie \u0219i orhidee vanilic\u0103, iar baza cald\u0103 de ambr\u0103, lemn de santal \u0219i castane coapte ofer\u0103 profunzime \u0219i persisten\u021b\u0103. O alegere ideal\u0103 pentru femeia delicat\u0103 \u0219i sofisticat\u0103, perfect\u0103 pentru zilele de prim\u0103var\u0103-var\u0103 sau pentru o apari\u021bie elegant\u0103 de sear\u0103.<strong><\/p>","protected":false},"excerpt":{"rendered":"<p>Asem\u0103n\u0103tor cu Viva la Juicy Couture<strong><\/p>","protected":false},"featured_media":3538,"comment_status":"open","ping_status":"closed","template":"","meta":{"om_disable_all_campaigns":false,"_monsterinsights_skip_tracking":false,"_monsterinsights_sitenote_active":false,"_monsterinsights_sitenote_note":"","_monsterinsights_sitenote_category":0},"product_brand":[63],"product_cat":[56],"product_tag":[],"class_list":{"0":"post-3536","1":"product","2":"type-product","3":"status-publish","4":"has-post-thumbnail","6":"product_brand-lattafa","7":"product_cat-pentru-ea","9":"first","10":"instock","11":"shipping-taxable","12":"purchasable","13":"product-type-simple"},"aioseo_notices":[],"ct_brands":[{"id":63,"name":"Lattafa","slug":"lattafa"}],"_links":{"self":[{"href":"https:\/\/habibimb.com\/en\/wp-json\/wp\/v2\/product\/3536","targetHints":{"allow":["GET"]}}],"collection":[{"href":"https:\/\/habibimb.com\/en\/wp-json\/wp\/v2\/product"}],"about":[{"href":"https:\/\/habibimb.com\/en\/wp-json\/wp\/v2\/types\/product"}],"replies":[{"embeddable":true,"href":"https:\/\/habibimb.com\/en\/wp-json\/wp\/v2\/comments?post=3536"}],"wp:featuredmedia":[{"embeddable":true,"href":"https:\/\/habibimb.com\/en\/wp-json\/wp\/v2\/media\/3538"}],"wp:attachment":[{"href":"https:\/\/habibimb.com\/en\/wp-json\/wp\/v2\/media?parent=3536"}],"wp:term":[{"taxonomy":"product_brand","embeddable":true,"href":"https:\/\/habibimb.com\/en\/wp-json\/wp\/v2\/product_brand?post=3536"},{"taxonomy":"product_cat","embeddable":true,"href":"https:\/\/habibimb.com\/en\/wp-json\/wp\/v2\/product_cat?post=3536"},{"taxonomy":"product_tag","embeddable":true,"href":"https:\/\/habibimb.com\/en\/wp-json\/wp\/v2\/product_tag?post=3536"}],"curies":[{"name":"wp","href":"https:\/\/api.w.org\/{rel}","templated":true}]}}