{"id":3522,"date":"2025-10-31T08:53:28","date_gmt":"2025-10-31T08:53:28","guid":{"rendered":"https:\/\/habibimb.com\/?post_type=product&#038;p=3522"},"modified":"2025-10-31T08:53:25","modified_gmt":"2025-10-31T08:53:25","slug":"apa-de-parfum-ana-assali-nusuk-femei-100ml","status":"publish","type":"product","link":"https:\/\/habibimb.com\/en\/product\/apa-de-parfum-ana-assali-nusuk-femei-100ml\/","title":{"rendered":"Ana Assali, Nusuk"},"content":{"rendered":"<p>Un parfum feminin rafinat \u0219i seduc\u0103tor, dedicat femeii elegante \u0219i \u00eencrez\u0103toare. Se deschide cu note exotice de nuc\u0103 de cocos, bergamot\u0103 \u0219i ylang-ylang, oferind un debut luminos \u0219i u\u0219or tropical. Inima dezv\u0103luie un buchet floral sofisticat de floare de portocal, geranium \u0219i heliotrop, care adaug\u0103 profunzime \u0219i fine\u021be. Baza cald\u0103 de ambr\u0103, mosc \u0219i vanilie las\u0103 o amprent\u0103 persistent\u0103, senzual\u0103 \u0219i elegant\u0103. Ideal pentru momente speciale sau pentru a ad\u0103uga o not\u0103 de rafinament oric\u0103rei zile.<strong><\/p>","protected":false},"excerpt":{"rendered":"<p>Un parfum feminin rafinat \u0219i seduc\u0103tor, dedicat femeii elegante \u0219i \u00eencrez\u0103toare. Se deschide cu note exotice de nuc\u0103 de cocos, bergamot\u0103 \u0219i ylang-ylang, oferind un debut luminos \u0219i u\u0219or tropical. Inima dezv\u0103luie un buchet floral sofisticat de floare de portocal, geranium \u0219i heliotrop, care adaug\u0103 profunzime \u0219i fine\u021be. Baza cald\u0103 de ambr\u0103, mosc \u0219i vanilie [&hellip;]<\/p>","protected":false},"featured_media":3525,"comment_status":"open","ping_status":"closed","template":"","meta":{"om_disable_all_campaigns":false,"_monsterinsights_skip_tracking":false,"_monsterinsights_sitenote_active":false,"_monsterinsights_sitenote_note":"","_monsterinsights_sitenote_category":0},"product_brand":[77],"product_cat":[56],"product_tag":[],"class_list":{"0":"post-3522","1":"product","2":"type-product","3":"status-publish","4":"has-post-thumbnail","6":"product_brand-nusuk","7":"product_cat-pentru-ea","9":"first","10":"instock","11":"shipping-taxable","12":"purchasable","13":"product-type-simple"},"aioseo_notices":[],"ct_brands":[{"id":77,"name":"Nusuk","slug":"nusuk"}],"_links":{"self":[{"href":"https:\/\/habibimb.com\/en\/wp-json\/wp\/v2\/product\/3522","targetHints":{"allow":["GET"]}}],"collection":[{"href":"https:\/\/habibimb.com\/en\/wp-json\/wp\/v2\/product"}],"about":[{"href":"https:\/\/habibimb.com\/en\/wp-json\/wp\/v2\/types\/product"}],"replies":[{"embeddable":true,"href":"https:\/\/habibimb.com\/en\/wp-json\/wp\/v2\/comments?post=3522"}],"wp:featuredmedia":[{"embeddable":true,"href":"https:\/\/habibimb.com\/en\/wp-json\/wp\/v2\/media\/3525"}],"wp:attachment":[{"href":"https:\/\/habibimb.com\/en\/wp-json\/wp\/v2\/media?parent=3522"}],"wp:term":[{"taxonomy":"product_brand","embeddable":true,"href":"https:\/\/habibimb.com\/en\/wp-json\/wp\/v2\/product_brand?post=3522"},{"taxonomy":"product_cat","embeddable":true,"href":"https:\/\/habibimb.com\/en\/wp-json\/wp\/v2\/product_cat?post=3522"},{"taxonomy":"product_tag","embeddable":true,"href":"https:\/\/habibimb.com\/en\/wp-json\/wp\/v2\/product_tag?post=3522"}],"curies":[{"name":"wp","href":"https:\/\/api.w.org\/{rel}","templated":true}]}}