{"id":3518,"date":"2025-10-31T08:51:14","date_gmt":"2025-10-31T08:51:14","guid":{"rendered":"https:\/\/habibimb.com\/?post_type=product&#038;p=3518"},"modified":"2025-10-31T08:50:15","modified_gmt":"2025-10-31T08:50:15","slug":"apa-de-parfum-fawah-nusuk-barbati-80ml","status":"publish","type":"product","link":"https:\/\/habibimb.com\/en\/product\/apa-de-parfum-fawah-nusuk-barbati-80ml\/","title":{"rendered":"Fawah, Nusuk, 80"},"content":{"rendered":"<p>Un parfum masculin elegant \u0219i modern, cu accente orientale rafinate. Se deschide cu note proaspete de l\u0103m\u00e2ie \u0219i lavand\u0103, oferind o senza\u021bie energizant\u0103 \u0219i curat\u0103. Inima parfumului aduce profunzime prin tonuri lemnoase \u0219i u\u0219or p\u0103m\u00e2ntii de patchouli, completate de accente verzi. Baza cald\u0103 de vanilie \u0219i vetiver las\u0103 o amprent\u0103 persistent\u0103, rafinat\u0103 \u0219i seduc\u0103toare. Ideal pentru b\u0103rbatul \u00eencrez\u0103tor, potrivit at\u00e2t pentru zi, c\u00e2t \u0219i pentru sear\u0103.<strong><\/p>","protected":false},"excerpt":{"rendered":"<p>Asem\u0103n\u0103tor cu Phantom Rabanne<strong><\/p>","protected":false},"featured_media":3520,"comment_status":"open","ping_status":"closed","template":"","meta":{"om_disable_all_campaigns":false,"_monsterinsights_skip_tracking":false,"_monsterinsights_sitenote_active":false,"_monsterinsights_sitenote_note":"","_monsterinsights_sitenote_category":0},"product_brand":[77],"product_cat":[55],"product_tag":[],"class_list":{"0":"post-3518","1":"product","2":"type-product","3":"status-publish","4":"has-post-thumbnail","6":"product_brand-nusuk","7":"product_cat-pentru-el","9":"first","10":"instock","11":"shipping-taxable","12":"purchasable","13":"product-type-simple"},"aioseo_notices":[],"ct_brands":[{"id":77,"name":"Nusuk","slug":"nusuk"}],"_links":{"self":[{"href":"https:\/\/habibimb.com\/en\/wp-json\/wp\/v2\/product\/3518","targetHints":{"allow":["GET"]}}],"collection":[{"href":"https:\/\/habibimb.com\/en\/wp-json\/wp\/v2\/product"}],"about":[{"href":"https:\/\/habibimb.com\/en\/wp-json\/wp\/v2\/types\/product"}],"replies":[{"embeddable":true,"href":"https:\/\/habibimb.com\/en\/wp-json\/wp\/v2\/comments?post=3518"}],"wp:featuredmedia":[{"embeddable":true,"href":"https:\/\/habibimb.com\/en\/wp-json\/wp\/v2\/media\/3520"}],"wp:attachment":[{"href":"https:\/\/habibimb.com\/en\/wp-json\/wp\/v2\/media?parent=3518"}],"wp:term":[{"taxonomy":"product_brand","embeddable":true,"href":"https:\/\/habibimb.com\/en\/wp-json\/wp\/v2\/product_brand?post=3518"},{"taxonomy":"product_cat","embeddable":true,"href":"https:\/\/habibimb.com\/en\/wp-json\/wp\/v2\/product_cat?post=3518"},{"taxonomy":"product_tag","embeddable":true,"href":"https:\/\/habibimb.com\/en\/wp-json\/wp\/v2\/product_tag?post=3518"}],"curies":[{"name":"wp","href":"https:\/\/api.w.org\/{rel}","templated":true}]}}