{"id":3511,"date":"2025-10-31T08:45:53","date_gmt":"2025-10-31T08:45:53","guid":{"rendered":"https:\/\/habibimb.com\/?post_type=product&#038;p=3511"},"modified":"2025-10-31T08:45:03","modified_gmt":"2025-10-31T08:45:03","slug":"apa-de-parfum-ishq-al-ward-nusuk-unisex-100ml","status":"publish","type":"product","link":"https:\/\/habibimb.com\/en\/product\/apa-de-parfum-ishq-al-ward-nusuk-unisex-100ml\/","title":{"rendered":"Ishq Al Ward, Nusuk"},"content":{"rendered":"<p>Un parfum elegant \u0219i romantic, potrivit at\u00e2t pentru femei, c\u00e2t \u0219i pentru b\u0103rba\u021bi. Se deschide cu note proaspete de par\u0103 \u0219i bergamot\u0103, continu\u0103 cu un buchet floral rafinat de trandafir turcesc \u0219i iasomie, iar baza las\u0103 o amprent\u0103 cald\u0103 \u0219i senzual\u0103 de mosc alb \u0219i vanilie. O arom\u0103 sofisticat\u0103, perfect\u0103 pentru ocazii speciale sau momente \u00een care vrei s\u0103 la\u0219i o impresie memorabil\u0103.<strong><\/p>","protected":false},"excerpt":{"rendered":"<p>Un parfum elegant \u0219i romantic, potrivit at\u00e2t pentru femei, c\u00e2t \u0219i pentru b\u0103rba\u021bi. Se deschide cu note proaspete de par\u0103 \u0219i bergamot\u0103, continu\u0103 cu un buchet floral rafinat de trandafir turcesc \u0219i iasomie, iar baza las\u0103 o amprent\u0103 cald\u0103 \u0219i senzual\u0103 de mosc alb \u0219i vanilie. O arom\u0103 sofisticat\u0103, perfect\u0103 pentru ocazii speciale sau momente [&hellip;]<\/p>","protected":false},"featured_media":3512,"comment_status":"open","ping_status":"closed","template":"","meta":{"om_disable_all_campaigns":false,"_monsterinsights_skip_tracking":false,"_monsterinsights_sitenote_active":false,"_monsterinsights_sitenote_note":"","_monsterinsights_sitenote_category":0},"product_brand":[77],"product_cat":[57],"product_tag":[],"class_list":{"0":"post-3511","1":"product","2":"type-product","3":"status-publish","4":"has-post-thumbnail","6":"product_brand-nusuk","7":"product_cat-unisex","9":"first","10":"instock","11":"shipping-taxable","12":"purchasable","13":"product-type-simple"},"aioseo_notices":[],"ct_brands":[{"id":77,"name":"Nusuk","slug":"nusuk"}],"_links":{"self":[{"href":"https:\/\/habibimb.com\/en\/wp-json\/wp\/v2\/product\/3511","targetHints":{"allow":["GET"]}}],"collection":[{"href":"https:\/\/habibimb.com\/en\/wp-json\/wp\/v2\/product"}],"about":[{"href":"https:\/\/habibimb.com\/en\/wp-json\/wp\/v2\/types\/product"}],"replies":[{"embeddable":true,"href":"https:\/\/habibimb.com\/en\/wp-json\/wp\/v2\/comments?post=3511"}],"wp:featuredmedia":[{"embeddable":true,"href":"https:\/\/habibimb.com\/en\/wp-json\/wp\/v2\/media\/3512"}],"wp:attachment":[{"href":"https:\/\/habibimb.com\/en\/wp-json\/wp\/v2\/media?parent=3511"}],"wp:term":[{"taxonomy":"product_brand","embeddable":true,"href":"https:\/\/habibimb.com\/en\/wp-json\/wp\/v2\/product_brand?post=3511"},{"taxonomy":"product_cat","embeddable":true,"href":"https:\/\/habibimb.com\/en\/wp-json\/wp\/v2\/product_cat?post=3511"},{"taxonomy":"product_tag","embeddable":true,"href":"https:\/\/habibimb.com\/en\/wp-json\/wp\/v2\/product_tag?post=3511"}],"curies":[{"name":"wp","href":"https:\/\/api.w.org\/{rel}","templated":true}]}}