{"id":3487,"date":"2025-10-28T14:40:28","date_gmt":"2025-10-28T14:40:28","guid":{"rendered":"https:\/\/habibimb.com\/?post_type=product&#038;p=3487"},"modified":"2025-10-28T14:40:18","modified_gmt":"2025-10-28T14:40:18","slug":"apa-de-parfum-nardine-nusuk-unisex-100ml","status":"publish","type":"product","link":"https:\/\/habibimb.com\/en\/product\/apa-de-parfum-nardine-nusuk-unisex-100ml\/","title":{"rendered":"Nardine, Nusuk"},"content":{"rendered":"<p>Apa de Parfum Nardine de la Nusuk este o arom\u0103 unisex rafinat\u0103, ce \u00eembin\u0103 note orientale \u0219i florale \u00eentr-un echilibru elegant. Esen\u021bele de lemn pre\u021bios \u0219i mosc ofer\u0103 profunzime \u0219i senzualitate. Accentele dulci \u0219i condimentate adaug\u0103 c\u0103ldur\u0103 \u0219i mister. Un parfum persistent, potrivit pentru orice ocazie.<strong><\/p>","protected":false},"excerpt":{"rendered":"<p>Note de v\u00e2rf: \u0219ofran, trandafir, iasomie<br \/>\nNote de mijloc: ambr\u0103, lemn de santal, patchouli<br \/>\nNote de baz\u0103: mosc, vanilie, lemn de cedru<strong><\/p>","protected":false},"featured_media":3489,"comment_status":"open","ping_status":"closed","template":"","meta":{"om_disable_all_campaigns":false,"_monsterinsights_skip_tracking":false,"_monsterinsights_sitenote_active":false,"_monsterinsights_sitenote_note":"","_monsterinsights_sitenote_category":0},"product_brand":[77],"product_cat":[57],"product_tag":[],"class_list":{"0":"post-3487","1":"product","2":"type-product","3":"status-publish","4":"has-post-thumbnail","6":"product_brand-nusuk","7":"product_cat-unisex","9":"first","10":"instock","11":"shipping-taxable","12":"purchasable","13":"product-type-simple"},"aioseo_notices":[],"ct_brands":[{"id":77,"name":"Nusuk","slug":"nusuk"}],"_links":{"self":[{"href":"https:\/\/habibimb.com\/en\/wp-json\/wp\/v2\/product\/3487","targetHints":{"allow":["GET"]}}],"collection":[{"href":"https:\/\/habibimb.com\/en\/wp-json\/wp\/v2\/product"}],"about":[{"href":"https:\/\/habibimb.com\/en\/wp-json\/wp\/v2\/types\/product"}],"replies":[{"embeddable":true,"href":"https:\/\/habibimb.com\/en\/wp-json\/wp\/v2\/comments?post=3487"}],"wp:featuredmedia":[{"embeddable":true,"href":"https:\/\/habibimb.com\/en\/wp-json\/wp\/v2\/media\/3489"}],"wp:attachment":[{"href":"https:\/\/habibimb.com\/en\/wp-json\/wp\/v2\/media?parent=3487"}],"wp:term":[{"taxonomy":"product_brand","embeddable":true,"href":"https:\/\/habibimb.com\/en\/wp-json\/wp\/v2\/product_brand?post=3487"},{"taxonomy":"product_cat","embeddable":true,"href":"https:\/\/habibimb.com\/en\/wp-json\/wp\/v2\/product_cat?post=3487"},{"taxonomy":"product_tag","embeddable":true,"href":"https:\/\/habibimb.com\/en\/wp-json\/wp\/v2\/product_tag?post=3487"}],"curies":[{"name":"wp","href":"https:\/\/api.w.org\/{rel}","templated":true}]}}