{"id":3477,"date":"2025-10-24T10:40:36","date_gmt":"2025-10-24T10:40:36","guid":{"rendered":"https:\/\/habibimb.com\/?post_type=product&#038;p=3477"},"modified":"2025-10-30T12:09:02","modified_gmt":"2025-10-30T12:09:02","slug":"apa-de-parfum-bleu-absolu-riiffs-barbati-100ml","status":"publish","type":"product","link":"https:\/\/habibimb.com\/en\/product\/apa-de-parfum-bleu-absolu-riiffs-barbati-100ml\/","title":{"rendered":"Bleu Absolu, Riiffs"},"content":{"rendered":"<p>Apa de Parfum Bleu Absolu by Riiffs \u2013 un parfum b\u0103rb\u0103tesc proasp\u0103t \u0219i elegant, ce combin\u0103 note marine, lemnoase \u0219i citrice. Aroma sa vibrant\u0103 \u0219i rafinat\u0103 eman\u0103 energie, \u00eencredere \u0219i stil. Ideal pentru b\u0103rbatul modern care apreciaz\u0103 echilibrul dintre for\u021b\u0103 \u0219i rafinament.<strong><\/p>","protected":false},"excerpt":{"rendered":"<p>Inspirat din Sauvage Dior<strong><\/p>","protected":false},"featured_media":3478,"comment_status":"open","ping_status":"closed","template":"","meta":{"om_disable_all_campaigns":false,"_monsterinsights_skip_tracking":false,"_monsterinsights_sitenote_active":false,"_monsterinsights_sitenote_note":"","_monsterinsights_sitenote_category":0},"product_brand":[73],"product_cat":[55],"product_tag":[],"class_list":{"0":"post-3477","1":"product","2":"type-product","3":"status-publish","4":"has-post-thumbnail","6":"product_brand-riiffs","7":"product_cat-pentru-el","9":"first","10":"instock","11":"shipping-taxable","12":"purchasable","13":"product-type-simple"},"aioseo_notices":[],"ct_brands":[{"id":73,"name":"Riiffs","slug":"riiffs"}],"_links":{"self":[{"href":"https:\/\/habibimb.com\/en\/wp-json\/wp\/v2\/product\/3477","targetHints":{"allow":["GET"]}}],"collection":[{"href":"https:\/\/habibimb.com\/en\/wp-json\/wp\/v2\/product"}],"about":[{"href":"https:\/\/habibimb.com\/en\/wp-json\/wp\/v2\/types\/product"}],"replies":[{"embeddable":true,"href":"https:\/\/habibimb.com\/en\/wp-json\/wp\/v2\/comments?post=3477"}],"wp:featuredmedia":[{"embeddable":true,"href":"https:\/\/habibimb.com\/en\/wp-json\/wp\/v2\/media\/3478"}],"wp:attachment":[{"href":"https:\/\/habibimb.com\/en\/wp-json\/wp\/v2\/media?parent=3477"}],"wp:term":[{"taxonomy":"product_brand","embeddable":true,"href":"https:\/\/habibimb.com\/en\/wp-json\/wp\/v2\/product_brand?post=3477"},{"taxonomy":"product_cat","embeddable":true,"href":"https:\/\/habibimb.com\/en\/wp-json\/wp\/v2\/product_cat?post=3477"},{"taxonomy":"product_tag","embeddable":true,"href":"https:\/\/habibimb.com\/en\/wp-json\/wp\/v2\/product_tag?post=3477"}],"curies":[{"name":"wp","href":"https:\/\/api.w.org\/{rel}","templated":true}]}}