{"id":3467,"date":"2025-10-24T10:29:50","date_gmt":"2025-10-24T10:29:50","guid":{"rendered":"https:\/\/habibimb.com\/?post_type=product&#038;p=3467"},"modified":"2026-02-16T10:35:17","modified_gmt":"2026-02-16T10:35:17","slug":"extract-de-parfum-samah-amethyst-riiffs-femei-100ml","status":"publish","type":"product","link":"https:\/\/habibimb.com\/en\/product\/extract-de-parfum-samah-amethyst-riiffs-femei-100ml\/","title":{"rendered":"Samah Amethyst, Riiffs"},"content":{"rendered":"<p><\/strong><br \/>\nUn parfum rafinat ce \u00eembl\u00e2nze\u015fte notele fructate \u015fi florale \u00eentr-o armonie elegant\u0103, \u00eenchiz\u00e2ndu-se cu o baz\u0103 lemnoas\u0103 dulce \u015fi cald\u0103.<br \/>\nPerfect pentru ocazii speciale sau c\u00e2nd vrei s\u0103-\u0163i exprimi feminitatea cu o prezen\u0163\u0103 sofisticat\u0103.<strong><\/p>","protected":false},"excerpt":{"rendered":"<p>Note de varf: Note florale, Note fructate<\/p>\n<p>Note de mijloc: Note pudrate, Note lemnoase<\/p>\n<p>Note de baza: Vanilie, Mosc, Chihlimbar, Note de piele<strong><\/p>","protected":false},"featured_media":3468,"comment_status":"open","ping_status":"closed","template":"","meta":{"om_disable_all_campaigns":false,"_monsterinsights_skip_tracking":false,"_monsterinsights_sitenote_active":false,"_monsterinsights_sitenote_note":"","_monsterinsights_sitenote_category":0},"product_brand":[73],"product_cat":[56],"product_tag":[],"class_list":{"0":"post-3467","1":"product","2":"type-product","3":"status-publish","4":"has-post-thumbnail","6":"product_brand-riiffs","7":"product_cat-pentru-ea","9":"first","10":"instock","11":"shipping-taxable","12":"purchasable","13":"product-type-simple"},"aioseo_notices":[],"ct_brands":[{"id":73,"name":"Riiffs","slug":"riiffs"}],"_links":{"self":[{"href":"https:\/\/habibimb.com\/en\/wp-json\/wp\/v2\/product\/3467","targetHints":{"allow":["GET"]}}],"collection":[{"href":"https:\/\/habibimb.com\/en\/wp-json\/wp\/v2\/product"}],"about":[{"href":"https:\/\/habibimb.com\/en\/wp-json\/wp\/v2\/types\/product"}],"replies":[{"embeddable":true,"href":"https:\/\/habibimb.com\/en\/wp-json\/wp\/v2\/comments?post=3467"}],"wp:featuredmedia":[{"embeddable":true,"href":"https:\/\/habibimb.com\/en\/wp-json\/wp\/v2\/media\/3468"}],"wp:attachment":[{"href":"https:\/\/habibimb.com\/en\/wp-json\/wp\/v2\/media?parent=3467"}],"wp:term":[{"taxonomy":"product_brand","embeddable":true,"href":"https:\/\/habibimb.com\/en\/wp-json\/wp\/v2\/product_brand?post=3467"},{"taxonomy":"product_cat","embeddable":true,"href":"https:\/\/habibimb.com\/en\/wp-json\/wp\/v2\/product_cat?post=3467"},{"taxonomy":"product_tag","embeddable":true,"href":"https:\/\/habibimb.com\/en\/wp-json\/wp\/v2\/product_tag?post=3467"}],"curies":[{"name":"wp","href":"https:\/\/api.w.org\/{rel}","templated":true}]}}