{"id":3464,"date":"2025-10-24T10:26:36","date_gmt":"2025-10-24T10:26:36","guid":{"rendered":"https:\/\/habibimb.com\/?post_type=product&#038;p=3464"},"modified":"2025-11-16T06:31:30","modified_gmt":"2025-11-16T06:31:30","slug":"extract-de-parfum-samah-royale-riiffs-unisex-100ml","status":"publish","type":"product","link":"https:\/\/habibimb.com\/en\/product\/extract-de-parfum-samah-royale-riiffs-unisex-100ml\/","title":{"rendered":"Samah Royale, Riiffs"},"content":{"rendered":"<p>Extrait de Parfum Samah Royale by Riiffs \u2013 un parfum unisex opulent \u0219i seduc\u0103tor, ce \u00eembin\u0103 elegan\u021ba oriental\u0103 cu rafinamentul modern. Aroma sa bogat\u0103 eman\u0103 lux \u0219i mister, l\u0103s\u00e2nd o impresie de durat\u0103. Perfect pentru cei care apreciaz\u0103 stilul sofisticat \u0219i prezen\u021ba memorabil\u0103.<strong><\/p>","protected":false},"excerpt":{"rendered":"<p>Note de v\u00e2rf: portocal\u0103 sanguin\u0103, pepene, bomboane<br \/>\nNote de mijloc: fructe uscate, fructul pasiunii, ambr\u0103<br \/>\nNote de baz\u0103: lemn de santal african, vanilie, ambr\u0103 gri<strong><\/p>","protected":false},"featured_media":3465,"comment_status":"open","ping_status":"closed","template":"","meta":{"om_disable_all_campaigns":false,"_monsterinsights_skip_tracking":false,"_monsterinsights_sitenote_active":false,"_monsterinsights_sitenote_note":"","_monsterinsights_sitenote_category":0},"product_brand":[73],"product_cat":[57],"product_tag":[],"class_list":{"0":"post-3464","1":"product","2":"type-product","3":"status-publish","4":"has-post-thumbnail","6":"product_brand-riiffs","7":"product_cat-unisex","9":"first","10":"instock","11":"shipping-taxable","12":"purchasable","13":"product-type-simple"},"aioseo_notices":[],"ct_brands":[{"id":73,"name":"Riiffs","slug":"riiffs"}],"_links":{"self":[{"href":"https:\/\/habibimb.com\/en\/wp-json\/wp\/v2\/product\/3464","targetHints":{"allow":["GET"]}}],"collection":[{"href":"https:\/\/habibimb.com\/en\/wp-json\/wp\/v2\/product"}],"about":[{"href":"https:\/\/habibimb.com\/en\/wp-json\/wp\/v2\/types\/product"}],"replies":[{"embeddable":true,"href":"https:\/\/habibimb.com\/en\/wp-json\/wp\/v2\/comments?post=3464"}],"wp:featuredmedia":[{"embeddable":true,"href":"https:\/\/habibimb.com\/en\/wp-json\/wp\/v2\/media\/3465"}],"wp:attachment":[{"href":"https:\/\/habibimb.com\/en\/wp-json\/wp\/v2\/media?parent=3464"}],"wp:term":[{"taxonomy":"product_brand","embeddable":true,"href":"https:\/\/habibimb.com\/en\/wp-json\/wp\/v2\/product_brand?post=3464"},{"taxonomy":"product_cat","embeddable":true,"href":"https:\/\/habibimb.com\/en\/wp-json\/wp\/v2\/product_cat?post=3464"},{"taxonomy":"product_tag","embeddable":true,"href":"https:\/\/habibimb.com\/en\/wp-json\/wp\/v2\/product_tag?post=3464"}],"curies":[{"name":"wp","href":"https:\/\/api.w.org\/{rel}","templated":true}]}}