{"id":3460,"date":"2025-10-24T10:23:46","date_gmt":"2025-10-24T10:23:46","guid":{"rendered":"https:\/\/habibimb.com\/?post_type=product&#038;p=3460"},"modified":"2026-01-05T08:20:41","modified_gmt":"2026-01-05T08:20:41","slug":"extract-de-parfum-samah-ruby-riffs-unisex-100ml","status":"publish","type":"product","link":"https:\/\/habibimb.com\/en\/product\/extract-de-parfum-samah-ruby-riffs-unisex-100ml\/","title":{"rendered":"Samah Ruby, Riiffs"},"content":{"rendered":"<p>Extrait de Parfum Samah Ruby by Riffs \u2013 un parfum unisex intens \u0219i sofisticat, cu accente orientale \u0219i florale. Notele sale bogate eman\u0103 pasiune, mister \u0219i rafinament. Persisten\u021ba \u00eendelungat\u0103 ofer\u0103 o amprent\u0103 olfactiv\u0103 memorabil\u0103. Perfect pentru cei care vor s\u0103 se remarce prin elegan\u021b\u0103 \u0219i carism\u0103.<strong><\/p>","protected":false},"excerpt":{"rendered":"<p>Note de v\u00e2rf: bergamot\u0103, portocal\u0103, coac\u0103z negru, note dulci, \u0219ofran<br \/>\nNote de mijloc: iasomie, violet\u0103, coac\u0103z negru<br \/>\nNote de baz\u0103: mu\u0219chi, ambr\u0103, cashmeran, mosc<strong><\/p>","protected":false},"featured_media":3461,"comment_status":"open","ping_status":"closed","template":"","meta":{"om_disable_all_campaigns":false,"_monsterinsights_skip_tracking":false,"_monsterinsights_sitenote_active":false,"_monsterinsights_sitenote_note":"","_monsterinsights_sitenote_category":0},"product_brand":[73],"product_cat":[57],"product_tag":[],"class_list":{"0":"post-3460","1":"product","2":"type-product","3":"status-publish","4":"has-post-thumbnail","6":"product_brand-riiffs","7":"product_cat-unisex","9":"first","10":"instock","11":"shipping-taxable","12":"purchasable","13":"product-type-simple"},"aioseo_notices":[],"ct_brands":[{"id":73,"name":"Riiffs","slug":"riiffs"}],"_links":{"self":[{"href":"https:\/\/habibimb.com\/en\/wp-json\/wp\/v2\/product\/3460","targetHints":{"allow":["GET"]}}],"collection":[{"href":"https:\/\/habibimb.com\/en\/wp-json\/wp\/v2\/product"}],"about":[{"href":"https:\/\/habibimb.com\/en\/wp-json\/wp\/v2\/types\/product"}],"replies":[{"embeddable":true,"href":"https:\/\/habibimb.com\/en\/wp-json\/wp\/v2\/comments?post=3460"}],"wp:featuredmedia":[{"embeddable":true,"href":"https:\/\/habibimb.com\/en\/wp-json\/wp\/v2\/media\/3461"}],"wp:attachment":[{"href":"https:\/\/habibimb.com\/en\/wp-json\/wp\/v2\/media?parent=3460"}],"wp:term":[{"taxonomy":"product_brand","embeddable":true,"href":"https:\/\/habibimb.com\/en\/wp-json\/wp\/v2\/product_brand?post=3460"},{"taxonomy":"product_cat","embeddable":true,"href":"https:\/\/habibimb.com\/en\/wp-json\/wp\/v2\/product_cat?post=3460"},{"taxonomy":"product_tag","embeddable":true,"href":"https:\/\/habibimb.com\/en\/wp-json\/wp\/v2\/product_tag?post=3460"}],"curies":[{"name":"wp","href":"https:\/\/api.w.org\/{rel}","templated":true}]}}