{"id":3427,"date":"2025-10-09T12:51:55","date_gmt":"2025-10-09T12:51:55","guid":{"rendered":"https:\/\/habibimb.com\/?post_type=product&#038;p=3427"},"modified":"2026-04-09T06:21:03","modified_gmt":"2026-04-09T06:21:03","slug":"apa-de-parfum-khail-malaki-shabab-al-fakhr-perfumes-femei-100ml","status":"publish","type":"product","link":"https:\/\/habibimb.com\/en\/product\/apa-de-parfum-khail-malaki-shabab-al-fakhr-perfumes-femei-100ml\/","title":{"rendered":"Khail Malaki Shabab, Al Fakhr Perfumes"},"content":{"rendered":"<p><strong>Khail Malaki Shabab de la Al Fakhr este un parfum feminin oriental-gourmand cu caracter t\u00e2n\u0103r \u0219i vibrant. Are deschidere fructat\u0103, urmat\u0103 de un miez floral dulce, \u0219i se a\u0219az\u0103 pe o baz\u0103 cald\u0103 de vanilie \u0219i note lemnoase u\u0219oare. <\/strong><\/p>\n<p><strong>Echilibrul s\u0103u \u00eentre dulce \u0219i elegant \u00eel face potrivit at\u00e2t pentru zi, c\u00e2t \u0219i pentru sear\u0103.<\/strong><\/p>","protected":false},"excerpt":{"rendered":"<ul>\n<li data-start=\"68\" data-end=\"155\">\n<p data-start=\"70\" data-end=\"155\"><strong>Note de v\u00e2rf: l\u0103m\u00e2ie, grapefruit, lavand\u0103, accente picante (piper roz, ghimbir)<\/strong><\/p>\n<\/li>\n<li data-start=\"156\" data-end=\"220\">\n<p data-start=\"158\" data-end=\"220\"><strong>Note de mijloc: cedru, vetiver, note lemnoase c\u0103lduroase<\/strong><\/p>\n<\/li>\n<li data-start=\"221\" data-end=\"274\">\n<p data-start=\"223\" data-end=\"274\"><strong>Note de baz\u0103: oud, mosc, note lemnoase ad\u00e2nci<\/strong><\/p>\n<\/li>\n<\/ul>","protected":false},"featured_media":3428,"comment_status":"open","ping_status":"closed","template":"","meta":{"om_disable_all_campaigns":false,"_monsterinsights_skip_tracking":false,"_monsterinsights_sitenote_active":false,"_monsterinsights_sitenote_note":"","_monsterinsights_sitenote_category":0},"product_brand":[104],"product_cat":[56],"product_tag":[],"class_list":{"0":"post-3427","1":"product","2":"type-product","3":"status-publish","4":"has-post-thumbnail","6":"product_brand-al-fakhr-perfumes","7":"product_cat-pentru-ea","9":"first","10":"instock","11":"shipping-taxable","12":"purchasable","13":"product-type-simple"},"aioseo_notices":[],"ct_brands":[{"id":104,"name":"Al Fakhr Perfumes","slug":"al-fakhr-perfumes"}],"_links":{"self":[{"href":"https:\/\/habibimb.com\/en\/wp-json\/wp\/v2\/product\/3427","targetHints":{"allow":["GET"]}}],"collection":[{"href":"https:\/\/habibimb.com\/en\/wp-json\/wp\/v2\/product"}],"about":[{"href":"https:\/\/habibimb.com\/en\/wp-json\/wp\/v2\/types\/product"}],"replies":[{"embeddable":true,"href":"https:\/\/habibimb.com\/en\/wp-json\/wp\/v2\/comments?post=3427"}],"wp:featuredmedia":[{"embeddable":true,"href":"https:\/\/habibimb.com\/en\/wp-json\/wp\/v2\/media\/3428"}],"wp:attachment":[{"href":"https:\/\/habibimb.com\/en\/wp-json\/wp\/v2\/media?parent=3427"}],"wp:term":[{"taxonomy":"product_brand","embeddable":true,"href":"https:\/\/habibimb.com\/en\/wp-json\/wp\/v2\/product_brand?post=3427"},{"taxonomy":"product_cat","embeddable":true,"href":"https:\/\/habibimb.com\/en\/wp-json\/wp\/v2\/product_cat?post=3427"},{"taxonomy":"product_tag","embeddable":true,"href":"https:\/\/habibimb.com\/en\/wp-json\/wp\/v2\/product_tag?post=3427"}],"curies":[{"name":"wp","href":"https:\/\/api.w.org\/{rel}","templated":true}]}}