{"id":3419,"date":"2025-10-09T12:47:23","date_gmt":"2025-10-09T12:47:23","guid":{"rendered":"https:\/\/habibimb.com\/?post_type=product&#038;p=3419"},"modified":"2025-11-11T06:16:40","modified_gmt":"2025-11-11T06:16:40","slug":"apa-de-parfum-bint-hoorea-al-fakhr-perfumes-femei-100ml","status":"publish","type":"product","link":"https:\/\/habibimb.com\/en\/product\/apa-de-parfum-bint-hoorea-al-fakhr-perfumes-femei-100ml\/","title":{"rendered":"Bint Hoorea, Al Fakhr Perfumes"},"content":{"rendered":"<p><strong>Bint Hoorea este un parfum feminin oriental-vanilat, cu un caracter dulce, cald \u0219i catifelat. Debutul aduce prospe\u021bime u\u0219oar\u0103 de citrice sau fructe albe, urmat\u0103 de o inim\u0103 floral\u0103 elegant\u0103 (trandafir, iasomie). Baza inspir\u0103 rafinament cu note de vanilie, mosc \u0219i tonuri lemnoase fine, cre\u00e2nd un parfum persistent \u0219i seduc\u0103tor.<\/strong><\/p>","protected":false},"excerpt":{"rendered":"<ul>\n<li data-start=\"64\" data-end=\"145\">\n<p data-start=\"66\" data-end=\"145\"><strong>Note de v\u00e2rf: coriandru, chiparos, portocal\u0103 mandarin\u0103, bergamot\u0103, salvie<\/strong><\/p>\n<\/li>\n<li data-start=\"146\" data-end=\"229\">\n<p data-start=\"148\" data-end=\"229\"><strong>Note de mijloc: nuc\u0219oar\u0103, geranium, \u0219ofran, floare de lalea, crin, cinnamon<\/strong><\/p>\n<\/li>\n<li data-start=\"230\" data-end=\"294\">\n<p data-start=\"232\" data-end=\"294\"><strong>Note de baz\u0103: mosc, tutun, vetiver, ambr\u0103, santal, cedru<\/strong><\/p>\n<\/li>\n<\/ul>","protected":false},"featured_media":3421,"comment_status":"open","ping_status":"closed","template":"","meta":{"om_disable_all_campaigns":false,"_monsterinsights_skip_tracking":false,"_monsterinsights_sitenote_active":false,"_monsterinsights_sitenote_note":"","_monsterinsights_sitenote_category":0},"product_brand":[104],"product_cat":[56],"product_tag":[],"class_list":{"0":"post-3419","1":"product","2":"type-product","3":"status-publish","4":"has-post-thumbnail","6":"product_brand-al-fakhr-perfumes","7":"product_cat-pentru-ea","9":"first","10":"outofstock","11":"shipping-taxable","12":"purchasable","13":"product-type-simple"},"aioseo_notices":[],"ct_brands":[{"id":104,"name":"Al Fakhr Perfumes","slug":"al-fakhr-perfumes"}],"_links":{"self":[{"href":"https:\/\/habibimb.com\/en\/wp-json\/wp\/v2\/product\/3419","targetHints":{"allow":["GET"]}}],"collection":[{"href":"https:\/\/habibimb.com\/en\/wp-json\/wp\/v2\/product"}],"about":[{"href":"https:\/\/habibimb.com\/en\/wp-json\/wp\/v2\/types\/product"}],"replies":[{"embeddable":true,"href":"https:\/\/habibimb.com\/en\/wp-json\/wp\/v2\/comments?post=3419"}],"wp:featuredmedia":[{"embeddable":true,"href":"https:\/\/habibimb.com\/en\/wp-json\/wp\/v2\/media\/3421"}],"wp:attachment":[{"href":"https:\/\/habibimb.com\/en\/wp-json\/wp\/v2\/media?parent=3419"}],"wp:term":[{"taxonomy":"product_brand","embeddable":true,"href":"https:\/\/habibimb.com\/en\/wp-json\/wp\/v2\/product_brand?post=3419"},{"taxonomy":"product_cat","embeddable":true,"href":"https:\/\/habibimb.com\/en\/wp-json\/wp\/v2\/product_cat?post=3419"},{"taxonomy":"product_tag","embeddable":true,"href":"https:\/\/habibimb.com\/en\/wp-json\/wp\/v2\/product_tag?post=3419"}],"curies":[{"name":"wp","href":"https:\/\/api.w.org\/{rel}","templated":true}]}}