{"id":3403,"date":"2025-10-09T12:32:41","date_gmt":"2025-10-09T12:32:41","guid":{"rendered":"https:\/\/habibimb.com\/?post_type=product&#038;p=3403"},"modified":"2025-10-20T06:38:44","modified_gmt":"2025-10-20T06:38:44","slug":"apa-de-parfum-shaheen-red-al-fakhr-perfumes-feme-100ml","status":"publish","type":"product","link":"https:\/\/habibimb.com\/en\/product\/apa-de-parfum-shaheen-red-al-fakhr-perfumes-feme-100ml\/","title":{"rendered":"Shaheen Red, Al Fakhr Perfumes, Feme"},"content":{"rendered":"<p><strong>Shaheen Red este un parfum sofisticat \u0219i expresiv, creat pentru a impresiona \u0219i a transmite rafinament feminin. \u00cen debut, ofer\u0103 prospe\u021bime citric\u0103 luminoas\u0103, urmat\u0103 de un miez floral elegant \u2013 probabil note de iasomie sau flori albe \u2013 care se \u00eempletesc armonios cu accente moi de mu\u0219chi alb \u0219i al\u021bi compu\u0219i senzuali \u00een baza. Parfumul are o evolu\u021bie stratificat\u0103, descoperind nuan\u021be ad\u00e2nci \u0219i senzuale pe parcurs, l\u0103s\u00e2nd o urm\u0103 elegant\u0103 \u0219i persistent\u0103.<\/strong><\/p>","protected":false},"excerpt":{"rendered":"<ul>\n<li data-start=\"53\" data-end=\"114\">\n<p data-start=\"55\" data-end=\"114\"><strong>Note de v\u00e2rf: citrice luminoase (bergamot\u0103\/mandarin\u0103)<\/strong><\/p>\n<\/li>\n<li data-start=\"115\" data-end=\"158\">\n<p data-start=\"117\" data-end=\"158\"><strong>Note de mijloc: iasomie, flori albe<\/strong><\/p>\n<\/li>\n<li data-start=\"159\" data-end=\"224\">\n<p data-start=\"161\" data-end=\"224\"><strong>Note de baz\u0103: mosc, lemn cald, accente de oud, chihlimbar<\/strong><\/p>\n<\/li>\n<\/ul>","protected":false},"featured_media":3404,"comment_status":"open","ping_status":"closed","template":"","meta":{"om_disable_all_campaigns":false,"_monsterinsights_skip_tracking":false,"_monsterinsights_sitenote_active":false,"_monsterinsights_sitenote_note":"","_monsterinsights_sitenote_category":0},"product_brand":[104],"product_cat":[56],"product_tag":[],"class_list":{"0":"post-3403","1":"product","2":"type-product","3":"status-publish","4":"has-post-thumbnail","6":"product_brand-al-fakhr-perfumes","7":"product_cat-pentru-ea","9":"first","10":"outofstock","11":"shipping-taxable","12":"purchasable","13":"product-type-simple"},"aioseo_notices":[],"ct_brands":[{"id":104,"name":"Al Fakhr Perfumes","slug":"al-fakhr-perfumes"}],"_links":{"self":[{"href":"https:\/\/habibimb.com\/en\/wp-json\/wp\/v2\/product\/3403","targetHints":{"allow":["GET"]}}],"collection":[{"href":"https:\/\/habibimb.com\/en\/wp-json\/wp\/v2\/product"}],"about":[{"href":"https:\/\/habibimb.com\/en\/wp-json\/wp\/v2\/types\/product"}],"replies":[{"embeddable":true,"href":"https:\/\/habibimb.com\/en\/wp-json\/wp\/v2\/comments?post=3403"}],"wp:featuredmedia":[{"embeddable":true,"href":"https:\/\/habibimb.com\/en\/wp-json\/wp\/v2\/media\/3404"}],"wp:attachment":[{"href":"https:\/\/habibimb.com\/en\/wp-json\/wp\/v2\/media?parent=3403"}],"wp:term":[{"taxonomy":"product_brand","embeddable":true,"href":"https:\/\/habibimb.com\/en\/wp-json\/wp\/v2\/product_brand?post=3403"},{"taxonomy":"product_cat","embeddable":true,"href":"https:\/\/habibimb.com\/en\/wp-json\/wp\/v2\/product_cat?post=3403"},{"taxonomy":"product_tag","embeddable":true,"href":"https:\/\/habibimb.com\/en\/wp-json\/wp\/v2\/product_tag?post=3403"}],"curies":[{"name":"wp","href":"https:\/\/api.w.org\/{rel}","templated":true}]}}