{"id":3400,"date":"2025-10-09T12:30:02","date_gmt":"2025-10-09T12:30:02","guid":{"rendered":"https:\/\/habibimb.com\/?post_type=product&#038;p=3400"},"modified":"2026-04-09T06:21:27","modified_gmt":"2026-04-09T06:21:27","slug":"apa-de-parfum-hunter-platina-al-fakhr-perfumes-barbati-100ml","status":"publish","type":"product","link":"https:\/\/habibimb.com\/en\/product\/apa-de-parfum-hunter-platina-al-fakhr-perfumes-barbati-100ml\/","title":{"rendered":"Hunter Platina, Al Fakhr Perfumes"},"content":{"rendered":"<p><strong>\u201eHunter Platina\u201d este un parfum masculin care \u00eembin\u0103 accente lemnoase \u0219i condimente, oferind o prezen\u021b\u0103 rafinat\u0103 \u015fi elegant\u0103. Notele sale \u201ewoody-spicy\u201d sugereaz\u0103 un profil aromatic destul de echilibrat \u00eentre prospe\u021bime \u0219i c\u0103ldur\u0103.<\/strong><\/p>","protected":false},"excerpt":{"rendered":"<ul>\n<li data-start=\"67\" data-end=\"120\">\n<p data-start=\"69\" data-end=\"120\"><strong>Note de v\u00e2rf: l\u0103m\u00e2ie, ghimbir, lavand\u0103, ment\u0103<\/strong><\/p>\n<\/li>\n<li data-start=\"121\" data-end=\"177\">\n<p data-start=\"123\" data-end=\"177\"><strong>Note de mijloc: m\u0103r, cardamom, ienup\u0103r, geranium<\/strong><\/p>\n<\/li>\n<li data-start=\"178\" data-end=\"222\">\n<p data-start=\"180\" data-end=\"222\"><strong>Note de baz\u0103: boabe tonka, amberwood<\/strong><\/p>\n<\/li>\n<\/ul>","protected":false},"featured_media":3401,"comment_status":"open","ping_status":"closed","template":"","meta":{"om_disable_all_campaigns":false,"_monsterinsights_skip_tracking":false,"_monsterinsights_sitenote_active":false,"_monsterinsights_sitenote_note":"","_monsterinsights_sitenote_category":0},"product_brand":[104],"product_cat":[55],"product_tag":[],"class_list":{"0":"post-3400","1":"product","2":"type-product","3":"status-publish","4":"has-post-thumbnail","6":"product_brand-al-fakhr-perfumes","7":"product_cat-pentru-el","9":"first","10":"instock","11":"shipping-taxable","12":"purchasable","13":"product-type-simple"},"aioseo_notices":[],"ct_brands":[{"id":104,"name":"Al Fakhr Perfumes","slug":"al-fakhr-perfumes"}],"_links":{"self":[{"href":"https:\/\/habibimb.com\/en\/wp-json\/wp\/v2\/product\/3400","targetHints":{"allow":["GET"]}}],"collection":[{"href":"https:\/\/habibimb.com\/en\/wp-json\/wp\/v2\/product"}],"about":[{"href":"https:\/\/habibimb.com\/en\/wp-json\/wp\/v2\/types\/product"}],"replies":[{"embeddable":true,"href":"https:\/\/habibimb.com\/en\/wp-json\/wp\/v2\/comments?post=3400"}],"wp:featuredmedia":[{"embeddable":true,"href":"https:\/\/habibimb.com\/en\/wp-json\/wp\/v2\/media\/3401"}],"wp:attachment":[{"href":"https:\/\/habibimb.com\/en\/wp-json\/wp\/v2\/media?parent=3400"}],"wp:term":[{"taxonomy":"product_brand","embeddable":true,"href":"https:\/\/habibimb.com\/en\/wp-json\/wp\/v2\/product_brand?post=3400"},{"taxonomy":"product_cat","embeddable":true,"href":"https:\/\/habibimb.com\/en\/wp-json\/wp\/v2\/product_cat?post=3400"},{"taxonomy":"product_tag","embeddable":true,"href":"https:\/\/habibimb.com\/en\/wp-json\/wp\/v2\/product_tag?post=3400"}],"curies":[{"name":"wp","href":"https:\/\/api.w.org\/{rel}","templated":true}]}}