{"id":3397,"date":"2025-10-09T12:27:51","date_gmt":"2025-10-09T12:27:51","guid":{"rendered":"https:\/\/habibimb.com\/?post_type=product&#038;p=3397"},"modified":"2026-04-09T06:21:46","modified_gmt":"2026-04-09T06:21:46","slug":"apa-de-parfum-sensation-al-fakhr-perfumes-femei-100ml","status":"publish","type":"product","link":"https:\/\/habibimb.com\/en\/product\/apa-de-parfum-sensation-al-fakhr-perfumes-femei-100ml\/","title":{"rendered":"Sensation, Al Fakhr Perfumes"},"content":{"rendered":"<p data-start=\"357\" data-end=\"783\"><strong>Sensation este un parfum feminin ce combin\u0103 elegan\u021ba oriental\u0103 cu accente dulci \u0219i gurmande. Deschiderea poate fi luminoas\u0103, cu note fructate sau citrice delicate, iar inima floral\u0103 se \u00eembin\u0103 cu tonuri calde de vanilie ori dulciuri moi. Baza probabil cuprinde mosc, note lemnoase \u0219i accente gurmande (pralin\u0103, caramel sau ambra). Rezultatul: un parfum senzual, c\u0103lduros \u0219i persistent, potrivit pentru seri sau ocazii speciale.<\/strong><\/p>","protected":false},"excerpt":{"rendered":"<p>Sensation este un parfum feminin ce combin\u0103 elegan\u021ba oriental\u0103 cu accente dulci \u0219i gurmande. Deschiderea poate fi luminoas\u0103, cu note fructate sau citrice delicate, iar inima floral\u0103 se \u00eembin\u0103 cu tonuri calde de vanilie ori dulciuri moi. Baza probabil cuprinde mosc, note lemnoase \u0219i accente gurmande (pralin\u0103, caramel sau ambra). Rezultatul: un parfum senzual, c\u0103lduros [&hellip;]<\/p>","protected":false},"featured_media":3398,"comment_status":"open","ping_status":"closed","template":"","meta":{"om_disable_all_campaigns":false,"_monsterinsights_skip_tracking":false,"_monsterinsights_sitenote_active":false,"_monsterinsights_sitenote_note":"","_monsterinsights_sitenote_category":0},"product_brand":[104],"product_cat":[56],"product_tag":[],"class_list":{"0":"post-3397","1":"product","2":"type-product","3":"status-publish","4":"has-post-thumbnail","6":"product_brand-al-fakhr-perfumes","7":"product_cat-pentru-ea","9":"first","10":"instock","11":"shipping-taxable","12":"purchasable","13":"product-type-simple"},"aioseo_notices":[],"ct_brands":[{"id":104,"name":"Al Fakhr Perfumes","slug":"al-fakhr-perfumes"}],"_links":{"self":[{"href":"https:\/\/habibimb.com\/en\/wp-json\/wp\/v2\/product\/3397","targetHints":{"allow":["GET"]}}],"collection":[{"href":"https:\/\/habibimb.com\/en\/wp-json\/wp\/v2\/product"}],"about":[{"href":"https:\/\/habibimb.com\/en\/wp-json\/wp\/v2\/types\/product"}],"replies":[{"embeddable":true,"href":"https:\/\/habibimb.com\/en\/wp-json\/wp\/v2\/comments?post=3397"}],"wp:featuredmedia":[{"embeddable":true,"href":"https:\/\/habibimb.com\/en\/wp-json\/wp\/v2\/media\/3398"}],"wp:attachment":[{"href":"https:\/\/habibimb.com\/en\/wp-json\/wp\/v2\/media?parent=3397"}],"wp:term":[{"taxonomy":"product_brand","embeddable":true,"href":"https:\/\/habibimb.com\/en\/wp-json\/wp\/v2\/product_brand?post=3397"},{"taxonomy":"product_cat","embeddable":true,"href":"https:\/\/habibimb.com\/en\/wp-json\/wp\/v2\/product_cat?post=3397"},{"taxonomy":"product_tag","embeddable":true,"href":"https:\/\/habibimb.com\/en\/wp-json\/wp\/v2\/product_tag?post=3397"}],"curies":[{"name":"wp","href":"https:\/\/api.w.org\/{rel}","templated":true}]}}