{"id":3394,"date":"2025-10-09T12:25:42","date_gmt":"2025-10-09T12:25:42","guid":{"rendered":"https:\/\/habibimb.com\/?post_type=product&#038;p=3394"},"modified":"2025-10-20T06:40:32","modified_gmt":"2025-10-20T06:40:32","slug":"apa-de-parfum-new-way-al-fakhr-perfumes-femei-100ml","status":"publish","type":"product","link":"https:\/\/habibimb.com\/en\/product\/apa-de-parfum-new-way-al-fakhr-perfumes-femei-100ml\/","title":{"rendered":"New Way, Al Fakhr Perfumes"},"content":{"rendered":"<p><strong>\u201eNew Way\u201d de la Al Fakhr Perfumes (100 ml, pentru femei) pare s\u0103 fie un parfum floral-fructat, elegant \u0219i senzual \u2014 cu note de \u00eenceput luminoase de citrice\/fructe, un \u201cinim\u0103\u201d floral\u0103 \u0219i un fundal cald, musculos-vanilat, care las\u0103 o amprent\u0103 sofisticat\u0103 \u0219i persistent\u0103.<\/strong><\/p>","protected":false},"excerpt":{"rendered":"<ul>\n<li data-start=\"58\" data-end=\"94\">\n<p data-start=\"60\" data-end=\"94\"><strong>Note de v\u00e2rf: lavand\u0103, ment\u0103<\/strong><\/p>\n<\/li>\n<li data-start=\"95\" data-end=\"136\">\n<p data-start=\"97\" data-end=\"136\"><strong>Note de mijloc: vanilie, benzoin\u0103<\/strong><\/p>\n<\/li>\n<li data-start=\"137\" data-end=\"172\">\n<p data-start=\"139\" data-end=\"172\"><strong>Note de baz\u0103: pralin\u0103, mosc<\/strong><\/p>\n<\/li>\n<\/ul>","protected":false},"featured_media":3395,"comment_status":"open","ping_status":"closed","template":"","meta":{"om_disable_all_campaigns":false,"_monsterinsights_skip_tracking":false,"_monsterinsights_sitenote_active":false,"_monsterinsights_sitenote_note":"","_monsterinsights_sitenote_category":0},"product_brand":[104],"product_cat":[56],"product_tag":[],"class_list":{"0":"post-3394","1":"product","2":"type-product","3":"status-publish","4":"has-post-thumbnail","6":"product_brand-al-fakhr-perfumes","7":"product_cat-pentru-ea","9":"first","10":"outofstock","11":"shipping-taxable","12":"purchasable","13":"product-type-simple"},"aioseo_notices":[],"ct_brands":[{"id":104,"name":"Al Fakhr Perfumes","slug":"al-fakhr-perfumes"}],"_links":{"self":[{"href":"https:\/\/habibimb.com\/en\/wp-json\/wp\/v2\/product\/3394","targetHints":{"allow":["GET"]}}],"collection":[{"href":"https:\/\/habibimb.com\/en\/wp-json\/wp\/v2\/product"}],"about":[{"href":"https:\/\/habibimb.com\/en\/wp-json\/wp\/v2\/types\/product"}],"replies":[{"embeddable":true,"href":"https:\/\/habibimb.com\/en\/wp-json\/wp\/v2\/comments?post=3394"}],"wp:featuredmedia":[{"embeddable":true,"href":"https:\/\/habibimb.com\/en\/wp-json\/wp\/v2\/media\/3395"}],"wp:attachment":[{"href":"https:\/\/habibimb.com\/en\/wp-json\/wp\/v2\/media?parent=3394"}],"wp:term":[{"taxonomy":"product_brand","embeddable":true,"href":"https:\/\/habibimb.com\/en\/wp-json\/wp\/v2\/product_brand?post=3394"},{"taxonomy":"product_cat","embeddable":true,"href":"https:\/\/habibimb.com\/en\/wp-json\/wp\/v2\/product_cat?post=3394"},{"taxonomy":"product_tag","embeddable":true,"href":"https:\/\/habibimb.com\/en\/wp-json\/wp\/v2\/product_tag?post=3394"}],"curies":[{"name":"wp","href":"https:\/\/api.w.org\/{rel}","templated":true}]}}