{"id":3384,"date":"2025-10-09T12:15:18","date_gmt":"2025-10-09T12:15:18","guid":{"rendered":"https:\/\/habibimb.com\/?post_type=product&#038;p=3384"},"modified":"2025-11-11T06:11:48","modified_gmt":"2025-11-11T06:11:48","slug":"apa-de-toaleta-red-bayman-al-fakhr-perfumes-barbati-100ml","status":"publish","type":"product","link":"https:\/\/habibimb.com\/en\/product\/apa-de-toaleta-red-bayman-al-fakhr-perfumes-barbati-100ml\/","title":{"rendered":"Apa de Toaleta Red Bayman, Al Fakhr Perfumes"},"content":{"rendered":"<p><strong>Apa de toalet\u0103 Red Bayman de la Al Fakhr (pentru b\u0103rba\u0163i, 100 ml) este o esen\u021b\u0103 energizant\u0103 \u0219i vibrant\u0103, cu o deschidere revigorant\u0103 \u0219i caracter distinct. Parfumul evolueaz\u0103 \u00eentr-o combina\u021bie aromatic\u0103 echilibrat\u0103, continu\u00e2nd spre o baz\u0103 cald\u0103 \u0219i persistent\u0103 care las\u0103 o impresie pl\u0103cut\u0103.<\/strong><\/p>","protected":false},"excerpt":{"rendered":"<p>Apa de toalet\u0103 Red Bayman de la Al Fakhr (pentru b\u0103rba\u0163i, 100 ml) este o esen\u021b\u0103 energizant\u0103 \u0219i vibrant\u0103, cu o deschidere revigorant\u0103 \u0219i caracter distinct. Parfumul evolueaz\u0103 \u00eentr-o combina\u021bie aromatic\u0103 echilibrat\u0103, continu\u00e2nd spre o baz\u0103 cald\u0103 \u0219i persistent\u0103 care las\u0103 o impresie pl\u0103cut\u0103.<\/p>","protected":false},"featured_media":3385,"comment_status":"open","ping_status":"closed","template":"","meta":{"om_disable_all_campaigns":false,"_monsterinsights_skip_tracking":false,"_monsterinsights_sitenote_active":false,"_monsterinsights_sitenote_note":"","_monsterinsights_sitenote_category":0},"product_brand":[104],"product_cat":[55],"product_tag":[],"class_list":{"0":"post-3384","1":"product","2":"type-product","3":"status-publish","4":"has-post-thumbnail","6":"product_brand-al-fakhr-perfumes","7":"product_cat-pentru-el","9":"first","10":"outofstock","11":"shipping-taxable","12":"purchasable","13":"product-type-simple"},"aioseo_notices":[],"ct_brands":[{"id":104,"name":"Al Fakhr Perfumes","slug":"al-fakhr-perfumes"}],"_links":{"self":[{"href":"https:\/\/habibimb.com\/en\/wp-json\/wp\/v2\/product\/3384","targetHints":{"allow":["GET"]}}],"collection":[{"href":"https:\/\/habibimb.com\/en\/wp-json\/wp\/v2\/product"}],"about":[{"href":"https:\/\/habibimb.com\/en\/wp-json\/wp\/v2\/types\/product"}],"replies":[{"embeddable":true,"href":"https:\/\/habibimb.com\/en\/wp-json\/wp\/v2\/comments?post=3384"}],"wp:featuredmedia":[{"embeddable":true,"href":"https:\/\/habibimb.com\/en\/wp-json\/wp\/v2\/media\/3385"}],"wp:attachment":[{"href":"https:\/\/habibimb.com\/en\/wp-json\/wp\/v2\/media?parent=3384"}],"wp:term":[{"taxonomy":"product_brand","embeddable":true,"href":"https:\/\/habibimb.com\/en\/wp-json\/wp\/v2\/product_brand?post=3384"},{"taxonomy":"product_cat","embeddable":true,"href":"https:\/\/habibimb.com\/en\/wp-json\/wp\/v2\/product_cat?post=3384"},{"taxonomy":"product_tag","embeddable":true,"href":"https:\/\/habibimb.com\/en\/wp-json\/wp\/v2\/product_tag?post=3384"}],"curies":[{"name":"wp","href":"https:\/\/api.w.org\/{rel}","templated":true}]}}