{"id":3381,"date":"2025-10-09T12:13:07","date_gmt":"2025-10-09T12:13:07","guid":{"rendered":"https:\/\/habibimb.com\/?post_type=product&#038;p=3381"},"modified":"2026-01-10T06:39:43","modified_gmt":"2026-01-10T06:39:43","slug":"apa-de-parfum-regal-amber-al-fakhr-perfumes-unisex-100ml","status":"publish","type":"product","link":"https:\/\/habibimb.com\/en\/product\/apa-de-parfum-regal-amber-al-fakhr-perfumes-unisex-100ml\/","title":{"rendered":"Regal Amber, Al Fakhr Perfumes"},"content":{"rendered":"<p><strong>Regal Amber este un parfum unisex care echilibreaz\u0103 nota cald\u0103 \u0219i bogat\u0103 a ambr\u0103i cu accente fructate \u0219i lemnoase. \u00cen deschidere se simt tonuri luminoase de bergamot\u0103 \u0219i note verzi care ofer\u0103 prospe\u021bime; \u00een inima compozi\u021biei apar note dulci de melon, ananas \u0219i ambra ce dau o senzualitate delicat\u0103; baza r\u0103m\u00e2ne puternic\u0103 prin acorduri de mosc, note lemnoase \u0219i vanilie, care asigur\u0103 persisten\u021b\u0103 \u0219i profunzime. Parfumul surprinde prin echilibrul \u00eentre dulce, cald \u0219i elegant, potrivit at\u00e2t pentru zi, c\u00e2t \u0219i pentru sear\u0103.<\/strong><\/p>","protected":false},"excerpt":{"rendered":"<p><strong>Note de v\u00e2rf: bergamot\u0103, note verzi proaspete.<\/strong><br data-start=\"50\" data-end=\"53\" \/><strong>Note de mijloc: pepene, ananas, ambra, accente dulci.<\/strong><br data-start=\"110\" data-end=\"113\" \/><strong>Note de baz\u0103: mosc, note lemnoase, vanilie.<\/strong><\/p>","protected":false},"featured_media":3382,"comment_status":"open","ping_status":"closed","template":"","meta":{"om_disable_all_campaigns":false,"_monsterinsights_skip_tracking":false,"_monsterinsights_sitenote_active":false,"_monsterinsights_sitenote_note":"","_monsterinsights_sitenote_category":0},"product_brand":[104],"product_cat":[57],"product_tag":[],"class_list":{"0":"post-3381","1":"product","2":"type-product","3":"status-publish","4":"has-post-thumbnail","6":"product_brand-al-fakhr-perfumes","7":"product_cat-unisex","9":"first","10":"outofstock","11":"shipping-taxable","12":"purchasable","13":"product-type-simple"},"aioseo_notices":[],"ct_brands":[{"id":104,"name":"Al Fakhr Perfumes","slug":"al-fakhr-perfumes"}],"_links":{"self":[{"href":"https:\/\/habibimb.com\/en\/wp-json\/wp\/v2\/product\/3381","targetHints":{"allow":["GET"]}}],"collection":[{"href":"https:\/\/habibimb.com\/en\/wp-json\/wp\/v2\/product"}],"about":[{"href":"https:\/\/habibimb.com\/en\/wp-json\/wp\/v2\/types\/product"}],"replies":[{"embeddable":true,"href":"https:\/\/habibimb.com\/en\/wp-json\/wp\/v2\/comments?post=3381"}],"wp:featuredmedia":[{"embeddable":true,"href":"https:\/\/habibimb.com\/en\/wp-json\/wp\/v2\/media\/3382"}],"wp:attachment":[{"href":"https:\/\/habibimb.com\/en\/wp-json\/wp\/v2\/media?parent=3381"}],"wp:term":[{"taxonomy":"product_brand","embeddable":true,"href":"https:\/\/habibimb.com\/en\/wp-json\/wp\/v2\/product_brand?post=3381"},{"taxonomy":"product_cat","embeddable":true,"href":"https:\/\/habibimb.com\/en\/wp-json\/wp\/v2\/product_cat?post=3381"},{"taxonomy":"product_tag","embeddable":true,"href":"https:\/\/habibimb.com\/en\/wp-json\/wp\/v2\/product_tag?post=3381"}],"curies":[{"name":"wp","href":"https:\/\/api.w.org\/{rel}","templated":true}]}}