{"id":3374,"date":"2025-10-09T12:07:12","date_gmt":"2025-10-09T12:07:12","guid":{"rendered":"https:\/\/habibimb.com\/?post_type=product&#038;p=3374"},"modified":"2025-11-11T06:12:24","modified_gmt":"2025-11-11T06:12:24","slug":"apa-de-toaleta-blue-bayman-al-fakhr-perfumes-barbati-100ml","status":"publish","type":"product","link":"https:\/\/habibimb.com\/en\/product\/apa-de-toaleta-blue-bayman-al-fakhr-perfumes-barbati-100ml\/","title":{"rendered":"Apa de Toaleta Blue Bayman, Al Fakhr Perfumes"},"content":{"rendered":"<p><strong>Apa de toalet\u0103 Blue Bayman (Al Fakhr, pentru b\u0103rba\u0163i, 100 ml) este o compozi\u0163ie aromatic\u0103 masculin\u0103 ce \u00eembin\u0103 note lemnoase \u0219i citrice la \u00eenceput. \u00cen inima parfumului apar tonuri u\u0219or condimentate \u0219i proaspete, care adaug\u0103 caracter \u0219i profunzime. La baz\u0103, parfumului i se simt accente de lavand\u0103, note p\u0103m\u00e2ntii \u0219i un touch fin pudrat, care \u00eei confer\u0103 elegan\u021b\u0103 \u0219i durabilitate. Recipientul de 100 ml este conceput pentru uz zilnic, ideal at\u00e2t pentru ocazii casual, c\u00e2t \u0219i pentru serile speciale.<\/strong><\/p>","protected":false},"excerpt":{"rendered":"<article class=\"text-token-text-primary w-full focus:outline-none [--shadow-height:45px] has-data-writing-block:pointer-events-none has-data-writing-block:-mt-(--shadow-height) has-data-writing-block:pt-(--shadow-height) [&amp;:has([data-writing-block])&gt;*]:pointer-events-auto scroll-mt-[calc(var(--header-height)+min(200px,max(70px,20svh)))]\" dir=\"auto\" tabindex=\"-1\" data-turn-id=\"request-WEB:13b3a78e-40e6-4ba4-b8ef-87d29dfca75f-84\" data-testid=\"conversation-turn-6\" data-scroll-anchor=\"true\" data-turn=\"assistant\">\n<div class=\"text-base my-auto mx-auto pb-10 [--thread-content-margin:--spacing(4)] thread-sm:[--thread-content-margin:--spacing(6)] thread-lg:[--thread-content-margin:--spacing(16)] px-(--thread-content-margin)\">\n<div class=\"[--thread-content-max-width:40rem] thread-lg:[--thread-content-max-width:48rem] mx-auto max-w-(--thread-content-max-width) flex-1 group\/turn-messages focus-visible:outline-hidden relative flex w-full min-w-0 flex-col agent-turn\" tabindex=\"-1\">\n<div class=\"flex max-w-full flex-col grow\">\n<div class=\"min-h-8 text-message relative flex w-full flex-col items-end gap-2 text-start break-words whitespace-normal [.text-message+&amp;]:mt-5\" dir=\"auto\" data-message-author-role=\"assistant\" data-message-id=\"91c22285-a26e-4b1f-b09d-d1d243c494c8\" data-message-model-slug=\"gpt-5\">\n<div class=\"flex w-full flex-col gap-1 empty:hidden first:pt-[1px]\">\n<div class=\"markdown prose dark:prose-invert w-full break-words dark markdown-new-styling\">\n<p data-start=\"0\" data-end=\"217\" data-is-last-node=\"\" data-is-only-node=\"\"><strong data-start=\"0\" data-end=\"17\" data-is-only-node=\"\">Note de v\u00e2rf:<\/strong> bergamot\u0103, mandarin\u0103, note lemnoase u\u0219oare.<br data-start=\"61\" data-end=\"64\" \/><strong data-start=\"64\" data-end=\"83\">Note de mijloc:<\/strong> piper, tonuri aromatice \u0219i accente florale proaspete.<br data-start=\"137\" data-end=\"140\" \/><strong data-start=\"140\" data-end=\"157\">Note de baz\u0103:<\/strong> lavand\u0103, note p\u0103m\u00e2ntii, acorduri pudrate \u0219i balsamice fine.<\/p>\n<\/div>\n<\/div>\n<\/div>\n<\/div>\n<div class=\"z-0 flex min-h-[46px] justify-start\"><\/div>\n<div class=\"mt-3 w-full empty:hidden\">\n<div class=\"text-center\"><\/div>\n<\/div>\n<\/div>\n<\/div>\n<\/article>\n<div class=\"pointer-events-none h-px w-px\" aria-hidden=\"true\" data-edge=\"true\"><\/div>","protected":false},"featured_media":3375,"comment_status":"open","ping_status":"closed","template":"","meta":{"om_disable_all_campaigns":false,"_monsterinsights_skip_tracking":false,"_monsterinsights_sitenote_active":false,"_monsterinsights_sitenote_note":"","_monsterinsights_sitenote_category":0},"product_brand":[104],"product_cat":[55],"product_tag":[],"class_list":{"0":"post-3374","1":"product","2":"type-product","3":"status-publish","4":"has-post-thumbnail","6":"product_brand-al-fakhr-perfumes","7":"product_cat-pentru-el","9":"first","10":"outofstock","11":"shipping-taxable","12":"purchasable","13":"product-type-simple"},"aioseo_notices":[],"ct_brands":[{"id":104,"name":"Al Fakhr Perfumes","slug":"al-fakhr-perfumes"}],"_links":{"self":[{"href":"https:\/\/habibimb.com\/en\/wp-json\/wp\/v2\/product\/3374","targetHints":{"allow":["GET"]}}],"collection":[{"href":"https:\/\/habibimb.com\/en\/wp-json\/wp\/v2\/product"}],"about":[{"href":"https:\/\/habibimb.com\/en\/wp-json\/wp\/v2\/types\/product"}],"replies":[{"embeddable":true,"href":"https:\/\/habibimb.com\/en\/wp-json\/wp\/v2\/comments?post=3374"}],"wp:featuredmedia":[{"embeddable":true,"href":"https:\/\/habibimb.com\/en\/wp-json\/wp\/v2\/media\/3375"}],"wp:attachment":[{"href":"https:\/\/habibimb.com\/en\/wp-json\/wp\/v2\/media?parent=3374"}],"wp:term":[{"taxonomy":"product_brand","embeddable":true,"href":"https:\/\/habibimb.com\/en\/wp-json\/wp\/v2\/product_brand?post=3374"},{"taxonomy":"product_cat","embeddable":true,"href":"https:\/\/habibimb.com\/en\/wp-json\/wp\/v2\/product_cat?post=3374"},{"taxonomy":"product_tag","embeddable":true,"href":"https:\/\/habibimb.com\/en\/wp-json\/wp\/v2\/product_tag?post=3374"}],"curies":[{"name":"wp","href":"https:\/\/api.w.org\/{rel}","templated":true}]}}