{"id":3370,"date":"2025-10-09T12:04:34","date_gmt":"2025-10-09T12:04:34","guid":{"rendered":"https:\/\/habibimb.com\/?post_type=product&#038;p=3370"},"modified":"2026-04-08T09:58:24","modified_gmt":"2026-04-08T09:58:24","slug":"apa-de-parfum-lara-white-al-fakhr-perfumes-femei-100ml","status":"publish","type":"product","link":"https:\/\/habibimb.com\/en\/product\/apa-de-parfum-lara-white-al-fakhr-perfumes-femei-100ml\/","title":{"rendered":"Lara White, Al Fakhr Perfumes"},"content":{"rendered":"<p><strong>Apa de parfum Lara White de la Al Fakhr (pentru femei, 100 ml) este o parfum cu note delicate florale \u0219i fructate, echilibrate de accente calde lemnoase.<\/strong><br data-start=\"157\" data-end=\"160\" \/><strong>Deschiderea este catifelat\u0103, cu flori albe \u0219i nuan\u021be luminoase, continu\u00e2nd cu miez floral elegant de iasomie \u0219i floare de portocal.<\/strong><br data-start=\"291\" data-end=\"294\" \/><strong>Pe fundal domin\u0103 note lemnoase calde \u0219i mosc, care \u00eei confer\u0103 o persisten\u021b\u0103 feminin\u0103 \u0219i sofisticat\u0103.<\/strong><br data-start=\"394\" data-end=\"397\" \/><strong>Potrivit at\u00e2t pentru ziua elegant\u0103, c\u00e2t \u0219i pentru serile rafinate.<\/strong><\/p>","protected":false},"excerpt":{"rendered":"<ul>\n<li data-start=\"57\" data-end=\"96\">\n<p data-start=\"59\" data-end=\"96\"><strong data-start=\"59\" data-end=\"75\">Note de v\u00e2rf<\/strong>: iasomie, piersic\u0103<\/p>\n<\/li>\n<li data-start=\"97\" data-end=\"135\">\n<p data-start=\"99\" data-end=\"135\"><strong data-start=\"99\" data-end=\"117\">Note de mijloc<\/strong>: caramel, ambr\u0103<\/p>\n<\/li>\n<li data-start=\"136\" data-end=\"181\" data-is-last-node=\"\">\n<p data-start=\"138\" data-end=\"181\" data-is-last-node=\"\"><strong data-start=\"138\" data-end=\"154\">Note de baz\u0103<\/strong>: patchouli, lemn de santal<\/p>\n<\/li>\n<\/ul>","protected":false},"featured_media":3371,"comment_status":"open","ping_status":"closed","template":"","meta":{"om_disable_all_campaigns":false,"_monsterinsights_skip_tracking":false,"_monsterinsights_sitenote_active":false,"_monsterinsights_sitenote_note":"","_monsterinsights_sitenote_category":0},"product_brand":[104],"product_cat":[56],"product_tag":[],"class_list":{"0":"post-3370","1":"product","2":"type-product","3":"status-publish","4":"has-post-thumbnail","6":"product_brand-al-fakhr-perfumes","7":"product_cat-pentru-ea","9":"first","10":"outofstock","11":"shipping-taxable","12":"purchasable","13":"product-type-simple"},"aioseo_notices":[],"ct_brands":[{"id":104,"name":"Al Fakhr Perfumes","slug":"al-fakhr-perfumes"}],"_links":{"self":[{"href":"https:\/\/habibimb.com\/en\/wp-json\/wp\/v2\/product\/3370","targetHints":{"allow":["GET"]}}],"collection":[{"href":"https:\/\/habibimb.com\/en\/wp-json\/wp\/v2\/product"}],"about":[{"href":"https:\/\/habibimb.com\/en\/wp-json\/wp\/v2\/types\/product"}],"replies":[{"embeddable":true,"href":"https:\/\/habibimb.com\/en\/wp-json\/wp\/v2\/comments?post=3370"}],"wp:featuredmedia":[{"embeddable":true,"href":"https:\/\/habibimb.com\/en\/wp-json\/wp\/v2\/media\/3371"}],"wp:attachment":[{"href":"https:\/\/habibimb.com\/en\/wp-json\/wp\/v2\/media?parent=3370"}],"wp:term":[{"taxonomy":"product_brand","embeddable":true,"href":"https:\/\/habibimb.com\/en\/wp-json\/wp\/v2\/product_brand?post=3370"},{"taxonomy":"product_cat","embeddable":true,"href":"https:\/\/habibimb.com\/en\/wp-json\/wp\/v2\/product_cat?post=3370"},{"taxonomy":"product_tag","embeddable":true,"href":"https:\/\/habibimb.com\/en\/wp-json\/wp\/v2\/product_tag?post=3370"}],"curies":[{"name":"wp","href":"https:\/\/api.w.org\/{rel}","templated":true}]}}