{"id":3367,"date":"2025-10-09T12:02:13","date_gmt":"2025-10-09T12:02:13","guid":{"rendered":"https:\/\/habibimb.com\/?post_type=product&#038;p=3367"},"modified":"2025-10-20T06:49:34","modified_gmt":"2025-10-20T06:49:34","slug":"apa-de-parfum-shaheen-blue-al-fakhr-perfumes-barbati-100ml","status":"publish","type":"product","link":"https:\/\/habibimb.com\/en\/product\/apa-de-parfum-shaheen-blue-al-fakhr-perfumes-barbati-100ml\/","title":{"rendered":"Shaheen Blue, Al Fakhr Perfumes"},"content":{"rendered":"<p><strong>Apa de parfum Shaheen Blue de la Al Fakhr pentru b\u0103rba\u021bi, 100 ml, este o arom\u0103 vibrant\u0103 ce \u00eembin\u0103 prospe\u021bimea cu rafinamentul.<\/strong><br data-start=\"130\" data-end=\"133\" \/><strong>Notele de v\u00e2rf de ment\u0103, m\u0103r verde \u0219i l\u0103m\u00e2ie ofer\u0103 un \u00eenceput energizant.<\/strong><br data-start=\"206\" data-end=\"209\" \/><strong>Inima parfumului aduce tonka, ambroxan \u0219i geranium pentru un caracter elegant \u0219i modern.<\/strong><br data-start=\"297\" data-end=\"300\" \/><strong>Baza cald\u0103 \u0219i persistent\u0103 \u00eel face ideal pentru purtare zilnic\u0103 sau ocazii speciale.<\/strong><\/p>","protected":false},"excerpt":{"rendered":"<ul>\n<li data-start=\"71\" data-end=\"117\">\n<p data-start=\"73\" data-end=\"117\"><strong data-start=\"73\" data-end=\"89\">Note de v\u00e2rf<\/strong>: ment\u0103, m\u0103r verde, l\u0103m\u00e2ie<\/p>\n<\/li>\n<li data-start=\"118\" data-end=\"167\">\n<p data-start=\"120\" data-end=\"167\"><strong data-start=\"120\" data-end=\"138\">Note de mijloc<\/strong>: tonka, ambroxan, geranium<\/p>\n<\/li>\n<li data-start=\"168\" data-end=\"215\" data-is-last-node=\"\">\n<p data-start=\"170\" data-end=\"215\" data-is-last-node=\"\"><strong data-start=\"170\" data-end=\"186\">Note de baz\u0103<\/strong>: ambr\u0103, benzoin, patchouli<\/p>\n<\/li>\n<\/ul>","protected":false},"featured_media":3368,"comment_status":"open","ping_status":"closed","template":"","meta":{"om_disable_all_campaigns":false,"_monsterinsights_skip_tracking":false,"_monsterinsights_sitenote_active":false,"_monsterinsights_sitenote_note":"","_monsterinsights_sitenote_category":0},"product_brand":[104],"product_cat":[55],"product_tag":[],"class_list":{"0":"post-3367","1":"product","2":"type-product","3":"status-publish","4":"has-post-thumbnail","6":"product_brand-al-fakhr-perfumes","7":"product_cat-pentru-el","9":"first","10":"outofstock","11":"shipping-taxable","12":"purchasable","13":"product-type-simple"},"aioseo_notices":[],"ct_brands":[{"id":104,"name":"Al Fakhr Perfumes","slug":"al-fakhr-perfumes"}],"_links":{"self":[{"href":"https:\/\/habibimb.com\/en\/wp-json\/wp\/v2\/product\/3367","targetHints":{"allow":["GET"]}}],"collection":[{"href":"https:\/\/habibimb.com\/en\/wp-json\/wp\/v2\/product"}],"about":[{"href":"https:\/\/habibimb.com\/en\/wp-json\/wp\/v2\/types\/product"}],"replies":[{"embeddable":true,"href":"https:\/\/habibimb.com\/en\/wp-json\/wp\/v2\/comments?post=3367"}],"wp:featuredmedia":[{"embeddable":true,"href":"https:\/\/habibimb.com\/en\/wp-json\/wp\/v2\/media\/3368"}],"wp:attachment":[{"href":"https:\/\/habibimb.com\/en\/wp-json\/wp\/v2\/media?parent=3367"}],"wp:term":[{"taxonomy":"product_brand","embeddable":true,"href":"https:\/\/habibimb.com\/en\/wp-json\/wp\/v2\/product_brand?post=3367"},{"taxonomy":"product_cat","embeddable":true,"href":"https:\/\/habibimb.com\/en\/wp-json\/wp\/v2\/product_cat?post=3367"},{"taxonomy":"product_tag","embeddable":true,"href":"https:\/\/habibimb.com\/en\/wp-json\/wp\/v2\/product_tag?post=3367"}],"curies":[{"name":"wp","href":"https:\/\/api.w.org\/{rel}","templated":true}]}}