{"id":3364,"date":"2025-10-09T11:59:36","date_gmt":"2025-10-09T11:59:36","guid":{"rendered":"https:\/\/habibimb.com\/?post_type=product&#038;p=3364"},"modified":"2025-12-10T12:40:41","modified_gmt":"2025-12-10T12:40:41","slug":"apa-de-parfum-noor-al-shams-al-fakhr-perfumes-unisex-100ml","status":"publish","type":"product","link":"https:\/\/habibimb.com\/en\/product\/apa-de-parfum-noor-al-shams-al-fakhr-perfumes-unisex-100ml\/","title":{"rendered":"Noor Al Shams, Al Fakhr Perfumes"},"content":{"rendered":"<p><strong>Noor Al Shams de la Al Fakhr este un parfum unisex, elegant \u0219i intens, \u00een format Eau de Parfum de 100 ml.<\/strong><br data-start=\"105\" data-end=\"108\" \/><strong>Are o compozi\u021bie oriental\u0103 cu note calde \u0219i luminoase, oferind rafinament \u0219i mister.<\/strong><br data-start=\"192\" data-end=\"195\" \/><strong>Persisten\u021ba este ridicat\u0103, datorit\u0103 concentra\u021biei puternice de esen\u021be.<\/strong><br data-start=\"265\" data-end=\"268\" \/><strong>Ideal pentru cei care apreciaz\u0103 parfumurile luxoase, cu amprent\u0103 distinct\u0103 \u0219i sofisticat\u0103.<\/strong><\/p>","protected":false},"excerpt":{"rendered":"<p>Noor Al Shams de la Al Fakhr este un parfum unisex, elegant \u0219i intens, \u00een format Eau de Parfum de 100 ml.Are o compozi\u021bie oriental\u0103 cu note calde \u0219i luminoase, oferind rafinament \u0219i mister.Persisten\u021ba este ridicat\u0103, datorit\u0103 concentra\u021biei puternice de esen\u021be.Ideal pentru cei care apreciaz\u0103 parfumurile luxoase, cu amprent\u0103 distinct\u0103 \u0219i sofisticat\u0103.<\/p>","protected":false},"featured_media":3365,"comment_status":"open","ping_status":"closed","template":"","meta":{"om_disable_all_campaigns":false,"_monsterinsights_skip_tracking":false,"_monsterinsights_sitenote_active":false,"_monsterinsights_sitenote_note":"","_monsterinsights_sitenote_category":0},"product_brand":[104],"product_cat":[57],"product_tag":[],"class_list":{"0":"post-3364","1":"product","2":"type-product","3":"status-publish","4":"has-post-thumbnail","6":"product_brand-al-fakhr-perfumes","7":"product_cat-unisex","9":"first","10":"outofstock","11":"shipping-taxable","12":"purchasable","13":"product-type-simple"},"aioseo_notices":[],"ct_brands":[{"id":104,"name":"Al Fakhr Perfumes","slug":"al-fakhr-perfumes"}],"_links":{"self":[{"href":"https:\/\/habibimb.com\/en\/wp-json\/wp\/v2\/product\/3364","targetHints":{"allow":["GET"]}}],"collection":[{"href":"https:\/\/habibimb.com\/en\/wp-json\/wp\/v2\/product"}],"about":[{"href":"https:\/\/habibimb.com\/en\/wp-json\/wp\/v2\/types\/product"}],"replies":[{"embeddable":true,"href":"https:\/\/habibimb.com\/en\/wp-json\/wp\/v2\/comments?post=3364"}],"wp:featuredmedia":[{"embeddable":true,"href":"https:\/\/habibimb.com\/en\/wp-json\/wp\/v2\/media\/3365"}],"wp:attachment":[{"href":"https:\/\/habibimb.com\/en\/wp-json\/wp\/v2\/media?parent=3364"}],"wp:term":[{"taxonomy":"product_brand","embeddable":true,"href":"https:\/\/habibimb.com\/en\/wp-json\/wp\/v2\/product_brand?post=3364"},{"taxonomy":"product_cat","embeddable":true,"href":"https:\/\/habibimb.com\/en\/wp-json\/wp\/v2\/product_cat?post=3364"},{"taxonomy":"product_tag","embeddable":true,"href":"https:\/\/habibimb.com\/en\/wp-json\/wp\/v2\/product_tag?post=3364"}],"curies":[{"name":"wp","href":"https:\/\/api.w.org\/{rel}","templated":true}]}}