{"id":3356,"date":"2025-10-07T14:48:33","date_gmt":"2025-10-07T14:48:33","guid":{"rendered":"https:\/\/habibimb.com\/?post_type=product&#038;p=3356"},"modified":"2026-04-09T06:22:13","modified_gmt":"2026-04-09T06:22:13","slug":"apa-de-parfum-lara-tous-al-fakhr-perfumes-femei-100ml","status":"publish","type":"product","link":"https:\/\/habibimb.com\/en\/product\/apa-de-parfum-lara-tous-al-fakhr-perfumes-femei-100ml\/","title":{"rendered":"Lara Tous, Al Fakhr Perfumes"},"content":{"rendered":"<p><strong>Apa de parfum Lara Tous (Al Fakhr Perfumes, femei, 100 ml) este un parfum dulce-floral, cu o deschidere juc\u0103u\u0219\u0103 de fructe \u0219i note verzi.<\/strong><br data-start=\"140\" data-end=\"143\" \/><strong>Inima sa dezv\u0103luie acorduri delicate de flori, \u00een timp ce baza r\u0103m\u00e2ne cald\u0103 \u0219i senzual\u0103 cu vanilie, mosc \u0219i ambr\u0103.<\/strong><br data-start=\"257\" data-end=\"260\" \/><strong>Persisten\u021ba este medie spre bun\u0103, oferind o prezen\u021b\u0103 subtil\u0103 care evolueaz\u0103 pe piele pe parcursul zilei.<\/strong><br data-start=\"364\" data-end=\"367\" \/><strong>Designul sticlei este feminin \u0219i elegant, reflect\u00e2nd caracterul romantic al parfumului.<\/strong><\/p>","protected":false},"excerpt":{"rendered":"<p>Apa de parfum Lara Tous (Al Fakhr Perfumes, femei, 100 ml) este un parfum dulce-floral, cu o deschidere juc\u0103u\u0219\u0103 de fructe \u0219i note verzi.Inima sa dezv\u0103luie acorduri delicate de flori, \u00een timp ce baza r\u0103m\u00e2ne cald\u0103 \u0219i senzual\u0103 cu vanilie, mosc \u0219i ambr\u0103.Persisten\u021ba este medie spre bun\u0103, oferind o prezen\u021b\u0103 subtil\u0103 care evolueaz\u0103 pe piele [&hellip;]<\/p>","protected":false},"featured_media":3357,"comment_status":"open","ping_status":"closed","template":"","meta":{"om_disable_all_campaigns":false,"_monsterinsights_skip_tracking":false,"_monsterinsights_sitenote_active":false,"_monsterinsights_sitenote_note":"","_monsterinsights_sitenote_category":0},"product_brand":[104],"product_cat":[56],"product_tag":[],"class_list":{"0":"post-3356","1":"product","2":"type-product","3":"status-publish","4":"has-post-thumbnail","6":"product_brand-al-fakhr-perfumes","7":"product_cat-pentru-ea","9":"first","10":"instock","11":"shipping-taxable","12":"purchasable","13":"product-type-simple"},"aioseo_notices":[],"ct_brands":[{"id":104,"name":"Al Fakhr Perfumes","slug":"al-fakhr-perfumes"}],"_links":{"self":[{"href":"https:\/\/habibimb.com\/en\/wp-json\/wp\/v2\/product\/3356","targetHints":{"allow":["GET"]}}],"collection":[{"href":"https:\/\/habibimb.com\/en\/wp-json\/wp\/v2\/product"}],"about":[{"href":"https:\/\/habibimb.com\/en\/wp-json\/wp\/v2\/types\/product"}],"replies":[{"embeddable":true,"href":"https:\/\/habibimb.com\/en\/wp-json\/wp\/v2\/comments?post=3356"}],"wp:featuredmedia":[{"embeddable":true,"href":"https:\/\/habibimb.com\/en\/wp-json\/wp\/v2\/media\/3357"}],"wp:attachment":[{"href":"https:\/\/habibimb.com\/en\/wp-json\/wp\/v2\/media?parent=3356"}],"wp:term":[{"taxonomy":"product_brand","embeddable":true,"href":"https:\/\/habibimb.com\/en\/wp-json\/wp\/v2\/product_brand?post=3356"},{"taxonomy":"product_cat","embeddable":true,"href":"https:\/\/habibimb.com\/en\/wp-json\/wp\/v2\/product_cat?post=3356"},{"taxonomy":"product_tag","embeddable":true,"href":"https:\/\/habibimb.com\/en\/wp-json\/wp\/v2\/product_tag?post=3356"}],"curies":[{"name":"wp","href":"https:\/\/api.w.org\/{rel}","templated":true}]}}