{"id":3352,"date":"2025-10-07T14:39:35","date_gmt":"2025-10-07T14:39:35","guid":{"rendered":"https:\/\/habibimb.com\/?post_type=product&#038;p=3352"},"modified":"2025-10-20T06:50:34","modified_gmt":"2025-10-20T06:50:34","slug":"apa-de-parfum-shaheen-white-al-fakhr-perfumes-barbati-100ml","status":"publish","type":"product","link":"https:\/\/habibimb.com\/en\/product\/apa-de-parfum-shaheen-white-al-fakhr-perfumes-barbati-100ml\/","title":{"rendered":"Shaheen White, Al Fakhr Perfumes"},"content":{"rendered":"<p><strong>Apa de Parfum Shaheen White de la Al Fakhr Perfumes este un parfum b\u0103rb\u0103tesc elegant \u0219i rafinat, cu o arom\u0103 curat\u0103 \u0219i proasp\u0103t\u0103. Exprim\u0103 \u00eencredere, rafinament \u0219i un stil modern, potrivit pentru orice ocazie, oferind o senza\u021bie de prospe\u021bime \u0219i elegan\u021b\u0103 de durat\u0103.<\/strong><\/p>","protected":false},"excerpt":{"rendered":"<ul>\n<li data-start=\"87\" data-end=\"145\">\n<p data-start=\"89\" data-end=\"145\">Cui\u0219oare<\/p>\n<\/li>\n<li data-start=\"146\" data-end=\"205\">\n<p data-start=\"148\" data-end=\"205\">Nuc\u0219oar\u0103,<\/p>\n<\/li>\n<li data-start=\"146\" data-end=\"205\">\n<p data-start=\"148\" data-end=\"205\">Rozmarin<\/p>\n<\/li>\n<\/ul>","protected":false},"featured_media":3354,"comment_status":"open","ping_status":"closed","template":"","meta":{"om_disable_all_campaigns":false,"_monsterinsights_skip_tracking":false,"_monsterinsights_sitenote_active":false,"_monsterinsights_sitenote_note":"","_monsterinsights_sitenote_category":0},"product_brand":[104],"product_cat":[55],"product_tag":[],"class_list":{"0":"post-3352","1":"product","2":"type-product","3":"status-publish","4":"has-post-thumbnail","6":"product_brand-al-fakhr-perfumes","7":"product_cat-pentru-el","9":"first","10":"outofstock","11":"shipping-taxable","12":"purchasable","13":"product-type-simple"},"aioseo_notices":[],"ct_brands":[{"id":104,"name":"Al Fakhr Perfumes","slug":"al-fakhr-perfumes"}],"_links":{"self":[{"href":"https:\/\/habibimb.com\/en\/wp-json\/wp\/v2\/product\/3352","targetHints":{"allow":["GET"]}}],"collection":[{"href":"https:\/\/habibimb.com\/en\/wp-json\/wp\/v2\/product"}],"about":[{"href":"https:\/\/habibimb.com\/en\/wp-json\/wp\/v2\/types\/product"}],"replies":[{"embeddable":true,"href":"https:\/\/habibimb.com\/en\/wp-json\/wp\/v2\/comments?post=3352"}],"wp:featuredmedia":[{"embeddable":true,"href":"https:\/\/habibimb.com\/en\/wp-json\/wp\/v2\/media\/3354"}],"wp:attachment":[{"href":"https:\/\/habibimb.com\/en\/wp-json\/wp\/v2\/media?parent=3352"}],"wp:term":[{"taxonomy":"product_brand","embeddable":true,"href":"https:\/\/habibimb.com\/en\/wp-json\/wp\/v2\/product_brand?post=3352"},{"taxonomy":"product_cat","embeddable":true,"href":"https:\/\/habibimb.com\/en\/wp-json\/wp\/v2\/product_cat?post=3352"},{"taxonomy":"product_tag","embeddable":true,"href":"https:\/\/habibimb.com\/en\/wp-json\/wp\/v2\/product_tag?post=3352"}],"curies":[{"name":"wp","href":"https:\/\/api.w.org\/{rel}","templated":true}]}}