{"id":3349,"date":"2025-10-07T14:36:47","date_gmt":"2025-10-07T14:36:47","guid":{"rendered":"https:\/\/habibimb.com\/?post_type=product&#038;p=3349"},"modified":"2025-11-11T06:17:31","modified_gmt":"2025-11-11T06:17:31","slug":"apa-de-parfum-lara-pink-al-fakhr-perfumes-femei-100ml","status":"publish","type":"product","link":"https:\/\/habibimb.com\/en\/product\/apa-de-parfum-lara-pink-al-fakhr-perfumes-femei-100ml\/","title":{"rendered":"Lara Pink, Al Fakhr Perfumes"},"content":{"rendered":"<p><strong>Apa de parfum Lara Pink (100 ml) este o compozi\u021bie feminin\u0103 dulce \u0219i catifelat\u0103 cu note de <em data-start=\"95\" data-end=\"115\">orhidee, heliotrop<\/em> \u0219i <em data-start=\"119\" data-end=\"130\">mandarin\u0103<\/em> \u00een v\u00e2rf,<\/strong><br data-start=\"139\" data-end=\"142\" \/><strong>urm\u0103rind un acord gourmand fructat la mijloc \u0219i cu note de <em data-start=\"201\" data-end=\"234\">vanilie, mosc \u0219i lemn de santal<\/em> la baz\u0103.<\/strong><\/p>","protected":false},"excerpt":{"rendered":"<p>Apa de parfum Lara Pink (100 ml) este o compozi\u021bie feminin\u0103 dulce \u0219i catifelat\u0103 cu note de orhidee, heliotrop \u0219i mandarin\u0103 \u00een v\u00e2rf,urm\u0103rind un acord gourmand fructat la mijloc \u0219i cu note de vanilie, mosc \u0219i lemn de santal la baz\u0103.<\/p>","protected":false},"featured_media":3350,"comment_status":"open","ping_status":"closed","template":"","meta":{"om_disable_all_campaigns":false,"_monsterinsights_skip_tracking":false,"_monsterinsights_sitenote_active":false,"_monsterinsights_sitenote_note":"","_monsterinsights_sitenote_category":0},"product_brand":[104],"product_cat":[56],"product_tag":[],"class_list":{"0":"post-3349","1":"product","2":"type-product","3":"status-publish","4":"has-post-thumbnail","6":"product_brand-al-fakhr-perfumes","7":"product_cat-pentru-ea","9":"first","10":"outofstock","11":"shipping-taxable","12":"purchasable","13":"product-type-simple"},"aioseo_notices":[],"ct_brands":[{"id":104,"name":"Al Fakhr Perfumes","slug":"al-fakhr-perfumes"}],"_links":{"self":[{"href":"https:\/\/habibimb.com\/en\/wp-json\/wp\/v2\/product\/3349","targetHints":{"allow":["GET"]}}],"collection":[{"href":"https:\/\/habibimb.com\/en\/wp-json\/wp\/v2\/product"}],"about":[{"href":"https:\/\/habibimb.com\/en\/wp-json\/wp\/v2\/types\/product"}],"replies":[{"embeddable":true,"href":"https:\/\/habibimb.com\/en\/wp-json\/wp\/v2\/comments?post=3349"}],"wp:featuredmedia":[{"embeddable":true,"href":"https:\/\/habibimb.com\/en\/wp-json\/wp\/v2\/media\/3350"}],"wp:attachment":[{"href":"https:\/\/habibimb.com\/en\/wp-json\/wp\/v2\/media?parent=3349"}],"wp:term":[{"taxonomy":"product_brand","embeddable":true,"href":"https:\/\/habibimb.com\/en\/wp-json\/wp\/v2\/product_brand?post=3349"},{"taxonomy":"product_cat","embeddable":true,"href":"https:\/\/habibimb.com\/en\/wp-json\/wp\/v2\/product_cat?post=3349"},{"taxonomy":"product_tag","embeddable":true,"href":"https:\/\/habibimb.com\/en\/wp-json\/wp\/v2\/product_tag?post=3349"}],"curies":[{"name":"wp","href":"https:\/\/api.w.org\/{rel}","templated":true}]}}